{"id":1034,"date":"2024-02-10T13:42:35","date_gmt":"2024-02-10T13:42:35","guid":{"rendered":"https:\/\/startersites.io\/elementor\/smile-dent\/?page_id=1034"},"modified":"2026-04-21T18:37:02","modified_gmt":"2026-04-22T00:37:02","slug":"about-us","status":"publish","type":"page","link":"https:\/\/newliferc.com\/es\/about-us\/","title":{"rendered":"Nosotros"},"content":{"rendered":"<div data-elementor-type=\"wp-page\" data-elementor-id=\"1034\" class=\"elementor elementor-1034\">\n\t\t\t\t<div class=\"elementor-element elementor-element-21fc403 e-flex e-con-boxed e-con e-parent\" data-id=\"21fc403\" data-element_type=\"container\" data-e-type=\"container\">\n\t\t\t\t\t<div class=\"e-con-inner\">\n\t\t<div class=\"elementor-element elementor-element-3b99d1b e-flex e-con-boxed e-con e-child\" data-id=\"3b99d1b\" data-element_type=\"container\" data-e-type=\"container\" data-settings=\"{&quot;background_background&quot;:&quot;classic&quot;}\">\n\t\t\t\t\t<div class=\"e-con-inner\">\n\t\t<div class=\"elementor-element elementor-element-808fb92 e-con-full e-flex e-con e-child\" data-id=\"808fb92\" data-element_type=\"container\" data-e-type=\"container\">\n\t\t\t\t<div class=\"elementor-element elementor-element-69e14f5 elementor-widget elementor-widget-heading\" data-id=\"69e14f5\" data-element_type=\"widget\" data-e-type=\"widget\" data-widget_type=\"heading.default\">\n\t\t\t\t\t<h2 class=\"elementor-heading-title elementor-size-default\">Acerca de New Life Regen Center<\/h2>\t\t\t\t<\/div>\n\t\t\t\t<div class=\"elementor-element elementor-element-7fca67a elementor-widget elementor-widget-text-editor\" data-id=\"7fca67a\" data-element_type=\"widget\" data-e-type=\"widget\" data-widget_type=\"text-editor.default\">\n\t\t\t\t\t\t\t\t\t<p>New Life Regen Center aspira a ser el centro m\u00e9dico regenerativo l\u00edder en el mundo, transformando vidas a trav\u00e9s de tratamientos innovadores que aprovechan el poder de curaci\u00f3n natural del cuerpo.<\/p><p>Visualizamos un futuro en el que las enfermedades degenerativas ya no sean sentencias de por vida, donde el envejecimiento sea digno y donde cada paciente tenga acceso a terapias regenerativas personalizadas y de vanguardia.<\/p><p>Brindamos una atenci\u00f3n m\u00e9dica regenerativa excepcional a trav\u00e9s de tratamientos innovadores, un servicio compasivo y un compromiso inquebrantable con el bienestar y la recuperaci\u00f3n del paciente.<\/p><p>Nos dedicamos a avanzar en el campo de la medicina regenerativa a trav\u00e9s de la investigaci\u00f3n, la educaci\u00f3n y la implementaci\u00f3n de planes de tratamiento personalizados que restauran la esperanza y transforman vidas.<\/p>\t\t\t\t\t\t\t\t<\/div>\n\t\t\t\t<\/div>\n\t\t<div class=\"elementor-element elementor-element-ee88ee0 e-con-full e-flex e-con e-child\" data-id=\"ee88ee0\" data-element_type=\"container\" data-e-type=\"container\">\n\t\t\t\t<div class=\"elementor-element elementor-element-876b21e elementor-widget elementor-widget-image\" data-id=\"876b21e\" data-element_type=\"widget\" data-e-type=\"widget\" data-widget_type=\"image.default\">\n\t\t\t\t\t\t\t\t\t\t\t\t\t\t\t<img fetchpriority=\"high\" decoding=\"async\" width=\"1024\" height=\"838\" src=\"https:\/\/newliferc.com\/wp-content\/uploads\/2026\/04\/Foto-Principal-1024x838.webp\" class=\"attachment-large size-large wp-image-2027\" alt=\"\" srcset=\"https:\/\/newliferc.com\/wp-content\/uploads\/2026\/04\/Foto-Principal-1024x838.webp 1024w, https:\/\/newliferc.com\/wp-content\/uploads\/2026\/04\/Foto-Principal-300x245.webp 300w, https:\/\/newliferc.com\/wp-content\/uploads\/2026\/04\/Foto-Principal-768x628.webp 768w, https:\/\/newliferc.com\/wp-content\/uploads\/2026\/04\/Foto-Principal-1536x1257.webp 1536w, https:\/\/newliferc.com\/wp-content\/uploads\/2026\/04\/Foto-Principal-15x12.webp 15w, https:\/\/newliferc.com\/wp-content\/uploads\/2026\/04\/Foto-Principal.webp 1877w\" sizes=\"(max-width: 1024px) 100vw, 1024px\" \/>\t\t\t\t\t\t\t\t\t\t\t\t\t\t\t<\/div>\n\t\t\t\t<div class=\"elementor-element elementor-element-f39bcb0 elementor-widget elementor-widget-image\" data-id=\"f39bcb0\" data-element_type=\"widget\" data-e-type=\"widget\" data-widget_type=\"image.default\">\n\t\t\t\t\t\t\t\t\t\t\t\t\t\t\t<img decoding=\"async\" width=\"1024\" height=\"770\" src=\"https:\/\/newliferc.com\/wp-content\/uploads\/2026\/04\/Diseno-sin-titulo-15-1024x770.webp\" class=\"attachment-large size-large wp-image-1791\" alt=\"\" srcset=\"https:\/\/newliferc.com\/wp-content\/uploads\/2026\/04\/Diseno-sin-titulo-15-1024x770.webp 1024w, https:\/\/newliferc.com\/wp-content\/uploads\/2026\/04\/Diseno-sin-titulo-15-300x225.webp 300w, https:\/\/newliferc.com\/wp-content\/uploads\/2026\/04\/Diseno-sin-titulo-15-768x577.webp 768w, https:\/\/newliferc.com\/wp-content\/uploads\/2026\/04\/Diseno-sin-titulo-15.webp 1131w\" sizes=\"(max-width: 1024px) 100vw, 1024px\" \/>\t\t\t\t\t\t\t\t\t\t\t\t\t\t\t<\/div>\n\t\t\t\t<\/div>\n\t\t\t\t\t<\/div>\n\t\t\t\t<\/div>\n\t\t\t\t\t<\/div>\n\t\t\t\t<\/div>\n\t\t<div class=\"elementor-element elementor-element-05d5f64 e-flex e-con-boxed e-con e-parent\" data-id=\"05d5f64\" data-element_type=\"container\" data-e-type=\"container\">\n\t\t\t\t\t<div class=\"e-con-inner\">\n\t\t<div class=\"elementor-element elementor-element-3d05ddc e-con-full e-flex e-con e-child\" data-id=\"3d05ddc\" data-element_type=\"container\" data-e-type=\"container\" data-settings=\"{&quot;background_background&quot;:&quot;classic&quot;}\">\n\t\t\t\t<div class=\"elementor-element elementor-element-14fa9a9 elementor-widget elementor-widget-image\" data-id=\"14fa9a9\" data-element_type=\"widget\" data-e-type=\"widget\" data-widget_type=\"image.default\">\n\t\t\t\t\t\t\t\t\t\t\t\t\t\t\t<img decoding=\"async\" width=\"1024\" height=\"972\" src=\"https:\/\/newliferc.com\/wp-content\/uploads\/2026\/04\/Diseno-sin-titulo-17-1-1024x972.webp\" class=\"attachment-large size-large wp-image-1792\" alt=\"\" srcset=\"https:\/\/newliferc.com\/wp-content\/uploads\/2026\/04\/Diseno-sin-titulo-17-1-1024x972.webp 1024w, https:\/\/newliferc.com\/wp-content\/uploads\/2026\/04\/Diseno-sin-titulo-17-1-300x285.webp 300w, https:\/\/newliferc.com\/wp-content\/uploads\/2026\/04\/Diseno-sin-titulo-17-1-768x729.webp 768w, https:\/\/newliferc.com\/wp-content\/uploads\/2026\/04\/Diseno-sin-titulo-17-1.webp 1129w\" sizes=\"(max-width: 1024px) 100vw, 1024px\" \/>\t\t\t\t\t\t\t\t\t\t\t\t\t\t\t<\/div>\n\t\t\t\t<\/div>\n\t\t<div class=\"elementor-element elementor-element-37c51f6 e-con-full e-flex e-con e-child\" data-id=\"37c51f6\" data-element_type=\"container\" data-e-type=\"container\">\n\t\t\t\t<div class=\"elementor-element elementor-element-0870c5c elementor-widget elementor-widget-heading\" data-id=\"0870c5c\" data-element_type=\"widget\" data-e-type=\"widget\" data-widget_type=\"heading.default\">\n\t\t\t\t\t<h2 class=\"elementor-heading-title elementor-size-default\">Eres suficiente<\/h2>\t\t\t\t<\/div>\n\t\t\t\t<div class=\"elementor-element elementor-element-793e645 elementor-widget elementor-widget-text-editor\" data-id=\"793e645\" data-element_type=\"widget\" data-e-type=\"widget\" data-widget_type=\"text-editor.default\">\n\t\t\t\t\t\t\t\t\t<p data-path-to-node=\"4\">Hoy, hago una pausa y respiro profundo, reconociendo que este viaje llamado <b data-path-to-node=\"4\" data-index-in-node=\"71\">New Life<\/b> no es para quienes nunca caen\u2014es para quienes tienen la valent\u00eda de levantarse m\u00e1s fuertes cada vez.<\/p><p data-path-to-node=\"5\">Dejo atr\u00e1s las voces que susurraban que no era capaz, que me faltaba algo o que mi pasado pon\u00eda un techo a mi futuro. Hoy, abrazo la mayor verdad de mi existencia: <b data-path-to-node=\"5\" data-index-in-node=\"186\">Soy suficiente<\/b> No necesito buscar piezas faltantes fuera de m\u00ed para estar completo; la semilla de la grandeza fue plantada dentro de m\u00ed desde el primer d\u00eda. Tengo la sabidur\u00eda para resolver, la voluntad para resistir y el coraz\u00f3n para abrazar mi proceso, incluso cuando el camino se vuelve dif\u00edcil.<\/p><p data-path-to-node=\"6\">En <b data-path-to-node=\"6\" data-index-in-node=\"3\">New Life<\/b>, no solo mudo mi vieja piel; transformo mi mente. No espero a que pase la tormenta\u2014aprendo a convertirme en el trueno. Porque dentro de m\u00ed vive un poder inquebrantable que se niega a rendirse, se niega a doblegarse y sabe que cada cicatriz es una insignia de honor.<\/p><p data-path-to-node=\"7\"><b data-path-to-node=\"7\" data-index-in-node=\"0\">Soy suficiente para sanar. Soy suficiente para construir. Soy suficiente para prevalecer.<\/b> Hoy elijo que mi luz brille m\u00e1s que mis miedos. Camino con la frente en alto, sabiendo que la fuerza que me impulsa en esta nueva vida es mucho m\u00e1s grande que cualquier obst\u00e1culo en mi camino. Mi historia no termina aqu\u00ed; <strong><em>M<strong>y<\/strong> mi historia de victoria apenas comienza.<\/em><\/strong><\/p>\t\t\t\t\t\t\t\t<\/div>\n\t\t\t\t<\/div>\n\t\t\t\t\t<\/div>\n\t\t\t\t<\/div>\n\t\t<div class=\"elementor-element elementor-element-9a04599 e-flex e-con-boxed e-con e-parent\" data-id=\"9a04599\" data-element_type=\"container\" data-e-type=\"container\">\n\t\t\t\t\t<div class=\"e-con-inner\">\n\t\t\t\t<div class=\"elementor-element elementor-element-2fb1321 elementor-widget elementor-widget-heading\" data-id=\"2fb1321\" data-element_type=\"widget\" data-e-type=\"widget\" data-widget_type=\"heading.default\">\n\t\t\t\t\t<h2 class=\"elementor-heading-title elementor-size-default\">Conoce a nuestro equipo profesional.<\/h2>\t\t\t\t<\/div>\n\t\t\t\t<div class=\"elementor-element elementor-element-17736aa elementor-widget__width-initial elementor-widget elementor-widget-text-editor\" data-id=\"17736aa\" data-element_type=\"widget\" data-e-type=\"widget\" data-widget_type=\"text-editor.default\">\n\t\t\t\t\t\t\t\t\t<p>\u201cNuestra mejor campa\u00f1a de marketing es el silencio del dolor y la voz de un paciente agradecido\u201d.<\/p>\t\t\t\t\t\t\t\t<\/div>\n\t\t\t\t\t<\/div>\n\t\t\t\t<\/div>\n\t\t<div class=\"elementor-element elementor-element-ff85bb8 e-flex e-con-boxed e-con e-parent\" data-id=\"ff85bb8\" data-element_type=\"container\" data-e-type=\"container\">\n\t\t\t\t\t<div class=\"e-con-inner\">\n\t\t<div class=\"elementor-element elementor-element-5f7c07d e-con-full e-flex e-con e-child\" data-id=\"5f7c07d\" data-element_type=\"container\" data-e-type=\"container\">\n\t\t\t\t<div class=\"elementor-element elementor-element-402b1e4 elementor-position-top elementor-widget elementor-widget-image-box\" data-id=\"402b1e4\" data-element_type=\"widget\" data-e-type=\"widget\" data-widget_type=\"image-box.default\">\n\t\t\t\t\t<div class=\"elementor-image-box-wrapper\"><figure class=\"elementor-image-box-img\"><img loading=\"lazy\" decoding=\"async\" width=\"1553\" height=\"1760\" src=\"https:\/\/newliferc.com\/wp-content\/uploads\/2026\/04\/Gemini_Generated_Image_beidl3beidl3beid.webp\" class=\"attachment-full size-full wp-image-1793\" alt=\"\" srcset=\"https:\/\/newliferc.com\/wp-content\/uploads\/2026\/04\/Gemini_Generated_Image_beidl3beidl3beid.webp 1553w, https:\/\/newliferc.com\/wp-content\/uploads\/2026\/04\/Gemini_Generated_Image_beidl3beidl3beid-265x300.webp 265w, https:\/\/newliferc.com\/wp-content\/uploads\/2026\/04\/Gemini_Generated_Image_beidl3beidl3beid-904x1024.webp 904w, https:\/\/newliferc.com\/wp-content\/uploads\/2026\/04\/Gemini_Generated_Image_beidl3beidl3beid-768x870.webp 768w, https:\/\/newliferc.com\/wp-content\/uploads\/2026\/04\/Gemini_Generated_Image_beidl3beidl3beid-1355x1536.webp 1355w\" sizes=\"(max-width: 1553px) 100vw, 1553px\" \/><\/figure><div class=\"elementor-image-box-content\"><h3 class=\"elementor-image-box-title\">Dra. Nohelia Alvarado<\/h3><p class=\"elementor-image-box-description\">Especialista en medicina avanzada <br>Regenerativa y Medicina de Precisi\u00f3n<\/p><\/div><\/div>\t\t\t\t<\/div>\n\t\t\t\t<\/div>\n\t\t<div class=\"elementor-element elementor-element-bc4fba7 e-con-full e-flex e-con e-child\" data-id=\"bc4fba7\" data-element_type=\"container\" data-e-type=\"container\">\n\t\t\t\t<div class=\"elementor-element elementor-element-123dcb2 elementor-position-top elementor-widget elementor-widget-image-box\" data-id=\"123dcb2\" data-element_type=\"widget\" data-e-type=\"widget\" data-widget_type=\"image-box.default\">\n\t\t\t\t\t<div class=\"elementor-image-box-wrapper\"><figure class=\"elementor-image-box-img\"><img loading=\"lazy\" decoding=\"async\" width=\"853\" height=\"953\" src=\"https:\/\/newliferc.com\/wp-content\/uploads\/2026\/04\/WhatsApp-Image-2026-04-17-at-11.24.39-AM.webp\" class=\"attachment-full size-full wp-image-1890\" alt=\"\" srcset=\"https:\/\/newliferc.com\/wp-content\/uploads\/2026\/04\/WhatsApp-Image-2026-04-17-at-11.24.39-AM.webp 853w, https:\/\/newliferc.com\/wp-content\/uploads\/2026\/04\/WhatsApp-Image-2026-04-17-at-11.24.39-AM-269x300.webp 269w, https:\/\/newliferc.com\/wp-content\/uploads\/2026\/04\/WhatsApp-Image-2026-04-17-at-11.24.39-AM-768x858.webp 768w, https:\/\/newliferc.com\/wp-content\/uploads\/2026\/04\/WhatsApp-Image-2026-04-17-at-11.24.39-AM-11x12.webp 11w\" sizes=\"(max-width: 853px) 100vw, 853px\" \/><\/figure><div class=\"elementor-image-box-content\"><h3 class=\"elementor-image-box-title\">Marcela Espinoza<\/h3><p class=\"elementor-image-box-description\">Enfermera Registrada<\/p><\/div><\/div>\t\t\t\t<\/div>\n\t\t\t\t<\/div>\n\t\t<div class=\"elementor-element elementor-element-e1b6f96 e-con-full e-flex e-con e-child\" data-id=\"e1b6f96\" data-element_type=\"container\" data-e-type=\"container\">\n\t\t\t\t<div class=\"elementor-element elementor-element-00e49d4 elementor-position-top elementor-widget elementor-widget-image-box\" data-id=\"00e49d4\" data-element_type=\"widget\" data-e-type=\"widget\" data-widget_type=\"image-box.default\">\n\t\t\t\t\t<div class=\"elementor-image-box-wrapper\"><figure class=\"elementor-image-box-img\"><img loading=\"lazy\" decoding=\"async\" width=\"1024\" height=\"1244\" src=\"https:\/\/newliferc.com\/wp-content\/uploads\/2026\/04\/WhatsApp-Image-2026-04-17-at-8.49.36-PM.webp\" class=\"attachment-full size-full wp-image-1889\" alt=\"\" srcset=\"https:\/\/newliferc.com\/wp-content\/uploads\/2026\/04\/WhatsApp-Image-2026-04-17-at-8.49.36-PM.webp 1024w, https:\/\/newliferc.com\/wp-content\/uploads\/2026\/04\/WhatsApp-Image-2026-04-17-at-8.49.36-PM-247x300.webp 247w, https:\/\/newliferc.com\/wp-content\/uploads\/2026\/04\/WhatsApp-Image-2026-04-17-at-8.49.36-PM-843x1024.webp 843w, https:\/\/newliferc.com\/wp-content\/uploads\/2026\/04\/WhatsApp-Image-2026-04-17-at-8.49.36-PM-768x933.webp 768w, https:\/\/newliferc.com\/wp-content\/uploads\/2026\/04\/WhatsApp-Image-2026-04-17-at-8.49.36-PM-10x12.webp 10w\" sizes=\"(max-width: 1024px) 100vw, 1024px\" \/><\/figure><div class=\"elementor-image-box-content\"><h3 class=\"elementor-image-box-title\">Rosita Vargas<\/h3><p class=\"elementor-image-box-description\">Enfermera Registrada<\/p><\/div><\/div>\t\t\t\t<\/div>\n\t\t\t\t<\/div>\n\t\t\t\t\t<\/div>\n\t\t\t\t<\/div>\n\t\t<div class=\"elementor-element elementor-element-5e182bd e-flex e-con-boxed e-con e-parent\" data-id=\"5e182bd\" data-element_type=\"container\" data-e-type=\"container\">\n\t\t\t\t\t<div class=\"e-con-inner\">\n\t\t<div class=\"elementor-element elementor-element-75e8eb3 e-con-full e-flex e-con e-child\" data-id=\"75e8eb3\" data-element_type=\"container\" data-e-type=\"container\">\n\t\t\t\t\t\t\t\t<p class=\"e-b8c66c2-ea8d681 e-paragraph-base\" data-interaction-id=\"b8c66c2\"  >\n\t\t\t\t\t\t\t\t<strong id=\"e-mo50xvsp-m8ingi4\"><em id=\"e-mo50xvsp-ch9elge\">New Life Regen Center <br>Redescubre tu bienestar, reconecta con tu vida.<\/em><\/strong>\n\t\t\t\t\t<\/p>\n\t\t\t\t<\/div>\n\t\t\t\t\t<\/div>\n\t\t\t\t<\/div>\n\t\t\t\t<\/div>","protected":false},"excerpt":{"rendered":"<p>About New Life Regen Center New Life Regen Center want to be the world\u2019s leading regenerative medical center, transforming lives through groundbreaking treatments that harness the body\u2019s natural healing power. We envision a future where degenerative diseases are no longer life sentences, where aging is graceful, and where every patient has access to personalized, cutting-edge [&hellip;]<\/p>\n","protected":false},"author":1,"featured_media":0,"parent":0,"menu_order":0,"comment_status":"closed","ping_status":"closed","template":"","meta":{"footnotes":""},"class_list":["post-1034","page","type-page","status-publish","hentry"],"blocksy_meta":{"has_hero_section":"disabled","vertical_spacing_source":"custom","content_area_spacing":"none","styles_descriptor":{"styles":{"desktop":"","tablet":"","mobile":""},"google_fonts":[],"version":6}},"_hostinger_reach_plugin_has_subscription_block":false,"_hostinger_reach_plugin_is_elementor":false,"_links":{"self":[{"href":"https:\/\/newliferc.com\/es\/wp-json\/wp\/v2\/pages\/1034","targetHints":{"allow":["GET"]}}],"collection":[{"href":"https:\/\/newliferc.com\/es\/wp-json\/wp\/v2\/pages"}],"about":[{"href":"https:\/\/newliferc.com\/es\/wp-json\/wp\/v2\/types\/page"}],"author":[{"embeddable":true,"href":"https:\/\/newliferc.com\/es\/wp-json\/wp\/v2\/users\/1"}],"replies":[{"embeddable":true,"href":"https:\/\/newliferc.com\/es\/wp-json\/wp\/v2\/comments?post=1034"}],"version-history":[{"count":36,"href":"https:\/\/newliferc.com\/es\/wp-json\/wp\/v2\/pages\/1034\/revisions"}],"predecessor-version":[{"id":2080,"href":"https:\/\/newliferc.com\/es\/wp-json\/wp\/v2\/pages\/1034\/revisions\/2080"}],"wp:attachment":[{"href":"https:\/\/newliferc.com\/es\/wp-json\/wp\/v2\/media?parent=1034"}],"curies":[{"name":"wp","href":"https:\/\/api.w.org\/{rel}","templated":true}]}}