{"id":1036,"date":"2024-02-10T13:43:00","date_gmt":"2024-02-10T13:43:00","guid":{"rendered":"https:\/\/startersites.io\/elementor\/smile-dent\/?page_id=1036"},"modified":"2026-04-23T12:04:32","modified_gmt":"2026-04-23T18:04:32","slug":"services","status":"publish","type":"page","link":"https:\/\/newliferc.com\/es\/services\/","title":{"rendered":"Turismo m\u00e9dico"},"content":{"rendered":"<div data-elementor-type=\"wp-page\" data-elementor-id=\"1036\" class=\"elementor elementor-1036\">\n\t\t\t\t<div class=\"elementor-element elementor-element-97cc96d e-flex e-con-boxed e-con e-parent\" data-id=\"97cc96d\" data-element_type=\"container\" data-e-type=\"container\">\n\t\t\t\t\t<div class=\"e-con-inner\">\n\t\t\t\t\t\t\t<h2 \n\t\tdata-interaction-id=\"8312747\" \n\t\tclass=\"e-8312747-2c76b2b e-heading-base\" \n\t\t \n\t\t\n\t>\n\t\n\t\t\t<strong id=\"e-mobshu9j-otxn2a0\">SANAR EN EL PARA\u00cdSO.<\/strong><br><br><strong id=\"e-mobshu9j-n3fc5lo\">TU VIAJE REGENERATIVO A COSTA RICA&nbsp;<\/strong>\n\t\t<\/h2>\n\t\t\t\t\t<\/div>\n\t\t\t\t<\/div>\n\t\t<div class=\"elementor-element elementor-element-5249c83 e-flex e-con-boxed e-con e-parent\" data-id=\"5249c83\" data-element_type=\"container\" data-e-type=\"container\">\n\t\t\t\t\t<div class=\"e-con-inner\">\n\t\t<div class=\"elementor-element elementor-element-b219a52 e-con-full e-flex e-con e-child\" data-id=\"b219a52\" data-element_type=\"container\" data-e-type=\"container\">\n\t\t\t\t\t\t\t\t<p class=\"e-paragraph-base\" data-interaction-id=\"36ecca5\"  >\n\t\t\t\t\t\t\t\tNew Life Regen Center aspira a ser el centro m\u00e9dico regenerativo l\u00edder en el mundo, transformando vidas a trav\u00e9s de tratamientos innovadores que aprovechan el poder de curaci\u00f3n natural del cuerpo.<br><br>Visualizamos un futuro en el que las enfermedades degenerativas ya no sean sentencias de por vida, donde el envejecimiento sea digno y donde cada paciente tenga acceso a terapias regenerativas personalizadas y de vanguardia.<br><br>Brindamos una atenci\u00f3n m\u00e9dica regenerativa excepcional a trav\u00e9s de tratamientos innovadores, un servicio compasivo y un compromiso inquebrantable con el bienestar y la recuperaci\u00f3n del paciente.<br><br>Nos dedicamos a avanzar en el campo de la medicina regenerativa a trav\u00e9s de la investigaci\u00f3n, la educaci\u00f3n y la implementaci\u00f3n de planes de tratamiento personalizados que restauran la esperanza y transforman vidas.\n\t\t\t\t\t<\/p>\n\t\t\t\t<\/div>\n\t\t<div class=\"elementor-element elementor-element-12a4fd6 e-con-full e-flex e-con e-child\" data-id=\"12a4fd6\" data-element_type=\"container\" data-e-type=\"container\">\n\t\t\t\t\t\t\t\n\t\t<img class=\"e-image-base\" \n\t\t\t\t\tdata-interaction-id=\"0087ab9\" \n\t\t \n\t\t \n\t\t\t\t\t\t\t\t\tid=\"2038\"\n\t\t\t\t\t\t\t\t\t\t\t\tsrc=\"https:\/\/newliferc.com\/wp-content\/uploads\/2026\/04\/Diseno-sin-titulo-26-1.webp\"\n\t\t\t\t\t\t\t\t\t\t\t\twidth=\"2032\"\n\t\t\t\t\t\t\t\t\t\t\t\theight=\"1130\"\n\t\t\t\t\t\t\t\t\t\t\t\tsrcset=\"https:\/\/newliferc.com\/wp-content\/uploads\/2026\/04\/Diseno-sin-titulo-26-1.webp 2032w, https:\/\/newliferc.com\/wp-content\/uploads\/2026\/04\/Diseno-sin-titulo-26-1-300x167.webp 300w, https:\/\/newliferc.com\/wp-content\/uploads\/2026\/04\/Diseno-sin-titulo-26-1-1024x569.webp 1024w, https:\/\/newliferc.com\/wp-content\/uploads\/2026\/04\/Diseno-sin-titulo-26-1-768x427.webp 768w, https:\/\/newliferc.com\/wp-content\/uploads\/2026\/04\/Diseno-sin-titulo-26-1-1536x854.webp 1536w, https:\/\/newliferc.com\/wp-content\/uploads\/2026\/04\/Diseno-sin-titulo-26-1-18x10.webp 18w\"\n\t\t\t\t\t\t\t\t\t\t\t\talt=\"\"\n\t\t\t\t\t\t\/>\n\t\t\t\t\t<\/div>\n\t\t\t\t\t<\/div>\n\t\t\t\t<\/div>\n\t\t<div class=\"elementor-element elementor-element-0609b2d e-flex e-con-boxed e-con e-parent\" data-id=\"0609b2d\" data-element_type=\"container\" data-e-type=\"container\">\n\t\t\t\t\t<div class=\"e-con-inner\">\n\t\t\t\t<div class=\"elementor-element elementor-element-4394ad9 elementor-widget elementor-widget-heading\" data-id=\"4394ad9\" data-element_type=\"widget\" data-e-type=\"widget\" data-widget_type=\"heading.default\">\n\t\t\t\t\t<h3 class=\"elementor-heading-title elementor-size-default\"><h2 data-path-to-node=\"3\">\u00bfPOR QU\u00c9 COSTA RICA PARA TU NUEVA VIDA?<\/h2><h3 data-path-to-node=\"4\"><span style=\"font-size: 35px\"><\/span><\/h3><\/h3>\t\t\t\t<\/div>\n\t\t\t\t\t\t\t\t<p class=\"e-6b11164-87c11ec e-paragraph-base\" data-interaction-id=\"6b11164\"  >\n\t\t\t\t\t\t\t\tNew Life Regen Center \u2013 Paquetes de turismo m\u00e9dico personalizados.\n\t\t\t\t\t<\/p>\n\t\t\t\t\t<\/div>\n\t\t\t\t<\/div>\n\t\t<div class=\"elementor-element elementor-element-c35c2bd e-flex e-con-boxed e-con e-parent\" data-id=\"c35c2bd\" data-element_type=\"container\" data-e-type=\"container\">\n\t\t\t\t\t<div class=\"e-con-inner\">\n\t\t<div class=\"elementor-element elementor-element-e88e950 e-con-full e-flex e-con e-child\" data-id=\"e88e950\" data-element_type=\"container\" data-e-type=\"container\">\n\t\t\t\t\t\t\t\n\t\t<img class=\"e-image-base\" \n\t\t\t\t\tdata-interaction-id=\"f2c2ae9\" \n\t\t \n\t\t \n\t\t\t\t\t\t\t\t\tid=\"2059\"\n\t\t\t\t\t\t\t\t\t\t\t\tsrc=\"https:\/\/newliferc.com\/wp-content\/uploads\/2026\/04\/Diseno-sin-titulo-30-1.webp\"\n\t\t\t\t\t\t\t\t\t\t\t\twidth=\"1567\"\n\t\t\t\t\t\t\t\t\t\t\t\theight=\"1536\"\n\t\t\t\t\t\t\t\t\t\t\t\tsrcset=\"https:\/\/newliferc.com\/wp-content\/uploads\/2026\/04\/Diseno-sin-titulo-30-1.webp 1567w, https:\/\/newliferc.com\/wp-content\/uploads\/2026\/04\/Diseno-sin-titulo-30-1-300x294.webp 300w, https:\/\/newliferc.com\/wp-content\/uploads\/2026\/04\/Diseno-sin-titulo-30-1-1024x1004.webp 1024w, https:\/\/newliferc.com\/wp-content\/uploads\/2026\/04\/Diseno-sin-titulo-30-1-768x753.webp 768w, https:\/\/newliferc.com\/wp-content\/uploads\/2026\/04\/Diseno-sin-titulo-30-1-1536x1506.webp 1536w, https:\/\/newliferc.com\/wp-content\/uploads\/2026\/04\/Diseno-sin-titulo-30-1-12x12.webp 12w\"\n\t\t\t\t\t\t\t\t\t\t\t\talt=\"\"\n\t\t\t\t\t\t\/>\n\t\t\t\t\t<\/div>\n\t\t<div class=\"elementor-element elementor-element-40b5d82 e-con-full e-flex e-con e-child\" data-id=\"40b5d82\" data-element_type=\"container\" data-e-type=\"container\">\n\t\t\t\t\t\t\t\n\t\t<img class=\"e-image-base\" \n\t\t\t\t\tdata-interaction-id=\"7f74cda\" \n\t\t \n\t\t \n\t\t\t\t\t\t\t\t\tid=\"2051\"\n\t\t\t\t\t\t\t\t\t\t\t\tsrc=\"https:\/\/newliferc.com\/wp-content\/uploads\/2026\/04\/Diseno-sin-titulo-29-1.webp\"\n\t\t\t\t\t\t\t\t\t\t\t\twidth=\"1710\"\n\t\t\t\t\t\t\t\t\t\t\t\theight=\"1536\"\n\t\t\t\t\t\t\t\t\t\t\t\tsrcset=\"https:\/\/newliferc.com\/wp-content\/uploads\/2026\/04\/Diseno-sin-titulo-29-1.webp 1710w, https:\/\/newliferc.com\/wp-content\/uploads\/2026\/04\/Diseno-sin-titulo-29-1-300x269.webp 300w, https:\/\/newliferc.com\/wp-content\/uploads\/2026\/04\/Diseno-sin-titulo-29-1-1024x920.webp 1024w, https:\/\/newliferc.com\/wp-content\/uploads\/2026\/04\/Diseno-sin-titulo-29-1-768x690.webp 768w, https:\/\/newliferc.com\/wp-content\/uploads\/2026\/04\/Diseno-sin-titulo-29-1-1536x1380.webp 1536w, https:\/\/newliferc.com\/wp-content\/uploads\/2026\/04\/Diseno-sin-titulo-29-1-13x12.webp 13w\"\n\t\t\t\t\t\t\t\t\t\t\t\talt=\"\"\n\t\t\t\t\t\t\/>\n\t\t\t\t\t<\/div>\n\t\t<div class=\"elementor-element elementor-element-7b7c5ab e-con-full e-flex e-con e-child\" data-id=\"7b7c5ab\" data-element_type=\"container\" data-e-type=\"container\">\n\t\t\t\t\t\t\t\n\t\t<img class=\"e-image-base\" \n\t\t\t\t\tdata-interaction-id=\"1c2d3a7\" \n\t\t \n\t\t \n\t\t\t\t\t\t\t\t\tid=\"2052\"\n\t\t\t\t\t\t\t\t\t\t\t\tsrc=\"https:\/\/newliferc.com\/wp-content\/uploads\/2026\/04\/Diseno-sin-titulo-27-1.webp\"\n\t\t\t\t\t\t\t\t\t\t\t\twidth=\"1758\"\n\t\t\t\t\t\t\t\t\t\t\t\theight=\"1536\"\n\t\t\t\t\t\t\t\t\t\t\t\tsrcset=\"https:\/\/newliferc.com\/wp-content\/uploads\/2026\/04\/Diseno-sin-titulo-27-1.webp 1758w, https:\/\/newliferc.com\/wp-content\/uploads\/2026\/04\/Diseno-sin-titulo-27-1-300x262.webp 300w, https:\/\/newliferc.com\/wp-content\/uploads\/2026\/04\/Diseno-sin-titulo-27-1-1024x895.webp 1024w, https:\/\/newliferc.com\/wp-content\/uploads\/2026\/04\/Diseno-sin-titulo-27-1-768x671.webp 768w, https:\/\/newliferc.com\/wp-content\/uploads\/2026\/04\/Diseno-sin-titulo-27-1-1536x1342.webp 1536w, https:\/\/newliferc.com\/wp-content\/uploads\/2026\/04\/Diseno-sin-titulo-27-1-14x12.webp 14w\"\n\t\t\t\t\t\t\t\t\t\t\t\talt=\"\"\n\t\t\t\t\t\t\/>\n\t\t\t\t\t<\/div>\n\t\t<div class=\"elementor-element elementor-element-9eb2114 e-con-full e-flex e-con e-child\" data-id=\"9eb2114\" data-element_type=\"container\" data-e-type=\"container\">\n\t\t\t\t\t\t\t\n\t\t<img class=\"e-image-base\" \n\t\t\t\t\tdata-interaction-id=\"2b748e2\" \n\t\t \n\t\t \n\t\t\t\t\t\t\t\t\tid=\"2054\"\n\t\t\t\t\t\t\t\t\t\t\t\tsrc=\"https:\/\/newliferc.com\/wp-content\/uploads\/2026\/04\/Diseno-sin-titulo-28-1.webp\"\n\t\t\t\t\t\t\t\t\t\t\t\twidth=\"1787\"\n\t\t\t\t\t\t\t\t\t\t\t\theight=\"1536\"\n\t\t\t\t\t\t\t\t\t\t\t\tsrcset=\"https:\/\/newliferc.com\/wp-content\/uploads\/2026\/04\/Diseno-sin-titulo-28-1.webp 1787w, https:\/\/newliferc.com\/wp-content\/uploads\/2026\/04\/Diseno-sin-titulo-28-1-300x258.webp 300w, https:\/\/newliferc.com\/wp-content\/uploads\/2026\/04\/Diseno-sin-titulo-28-1-1024x880.webp 1024w, https:\/\/newliferc.com\/wp-content\/uploads\/2026\/04\/Diseno-sin-titulo-28-1-768x660.webp 768w, https:\/\/newliferc.com\/wp-content\/uploads\/2026\/04\/Diseno-sin-titulo-28-1-1536x1320.webp 1536w, https:\/\/newliferc.com\/wp-content\/uploads\/2026\/04\/Diseno-sin-titulo-28-1-14x12.webp 14w\"\n\t\t\t\t\t\t\t\t\t\t\t\talt=\"\"\n\t\t\t\t\t\t\/>\n\t\t\t\t\t<\/div>\n\t\t\t\t\t<\/div>\n\t\t\t\t<\/div>\n\t\t<div class=\"elementor-element elementor-element-66609d6 e-flex e-con-boxed e-con e-parent\" data-id=\"66609d6\" data-element_type=\"container\" data-e-type=\"container\">\n\t\t\t\t\t<div class=\"e-con-inner\">\n\t\t\t\t<div class=\"elementor-element elementor-element-2129c33 elementor-widget elementor-widget-heading\" data-id=\"2129c33\" data-element_type=\"widget\" data-e-type=\"widget\" data-widget_type=\"heading.default\">\n\t\t\t\t\t<h3 class=\"elementor-heading-title elementor-size-default\">TU VIAJE SIN COMPLICACIONES<\/h3>\t\t\t\t<\/div>\n\t\t\t\t\t<\/div>\n\t\t\t\t<\/div>\n\t\t<div class=\"elementor-element elementor-element-bd40c2f e-flex e-con-boxed e-con e-parent\" data-id=\"bd40c2f\" data-element_type=\"container\" data-e-type=\"container\">\n\t\t\t\t\t<div class=\"e-con-inner\">\n\t\t<div class=\"elementor-element elementor-element-4729560 e-con-full e-flex e-con e-child\" data-id=\"4729560\" data-element_type=\"container\" data-e-type=\"container\">\n\t\t\t\t\t\t\t\n\t\t<img class=\"e-image-base\" \n\t\t\t\t\tdata-interaction-id=\"162e3f5\" \n\t\t \n\t\t \n\t\t\t\t\t\t\t\t\tid=\"2055\"\n\t\t\t\t\t\t\t\t\t\t\t\tsrc=\"https:\/\/newliferc.com\/wp-content\/uploads\/2026\/04\/Diseno-sin-titulo-23-1.webp\"\n\t\t\t\t\t\t\t\t\t\t\t\twidth=\"887\"\n\t\t\t\t\t\t\t\t\t\t\t\theight=\"1023\"\n\t\t\t\t\t\t\t\t\t\t\t\tsrcset=\"https:\/\/newliferc.com\/wp-content\/uploads\/2026\/04\/Diseno-sin-titulo-23-1.webp 887w, https:\/\/newliferc.com\/wp-content\/uploads\/2026\/04\/Diseno-sin-titulo-23-1-260x300.webp 260w, https:\/\/newliferc.com\/wp-content\/uploads\/2026\/04\/Diseno-sin-titulo-23-1-768x886.webp 768w, https:\/\/newliferc.com\/wp-content\/uploads\/2026\/04\/Diseno-sin-titulo-23-1-10x12.webp 10w\"\n\t\t\t\t\t\t\t\t\t\t\t\talt=\"\"\n\t\t\t\t\t\t\/>\n\t\t\t\t\t<\/div>\n\t\t<div class=\"elementor-element elementor-element-57138b8 e-con-full e-flex e-con e-child\" data-id=\"57138b8\" data-element_type=\"container\" data-e-type=\"container\">\n\t\t\t\t\t\t\t\n\t\t<img class=\"e-image-base\" \n\t\t\t\t\tdata-interaction-id=\"09f216c\" \n\t\t \n\t\t \n\t\t\t\t\t\t\t\t\tid=\"2056\"\n\t\t\t\t\t\t\t\t\t\t\t\tsrc=\"https:\/\/newliferc.com\/wp-content\/uploads\/2026\/04\/Gemini_Generated_Image_y2u4wty2u4wty2u4-1.webp\"\n\t\t\t\t\t\t\t\t\t\t\t\twidth=\"1920\"\n\t\t\t\t\t\t\t\t\t\t\t\theight=\"2214\"\n\t\t\t\t\t\t\t\t\t\t\t\tsrcset=\"https:\/\/newliferc.com\/wp-content\/uploads\/2026\/04\/Gemini_Generated_Image_y2u4wty2u4wty2u4-1.webp 1920w, https:\/\/newliferc.com\/wp-content\/uploads\/2026\/04\/Gemini_Generated_Image_y2u4wty2u4wty2u4-1-260x300.webp 260w, https:\/\/newliferc.com\/wp-content\/uploads\/2026\/04\/Gemini_Generated_Image_y2u4wty2u4wty2u4-1-888x1024.webp 888w, https:\/\/newliferc.com\/wp-content\/uploads\/2026\/04\/Gemini_Generated_Image_y2u4wty2u4wty2u4-1-768x886.webp 768w, https:\/\/newliferc.com\/wp-content\/uploads\/2026\/04\/Gemini_Generated_Image_y2u4wty2u4wty2u4-1-1332x1536.webp 1332w, https:\/\/newliferc.com\/wp-content\/uploads\/2026\/04\/Gemini_Generated_Image_y2u4wty2u4wty2u4-1-1776x2048.webp 1776w, https:\/\/newliferc.com\/wp-content\/uploads\/2026\/04\/Gemini_Generated_Image_y2u4wty2u4wty2u4-1-10x12.webp 10w\"\n\t\t\t\t\t\t\t\t\t\t\t\talt=\"\"\n\t\t\t\t\t\t\/>\n\t\t\t\t\t<\/div>\n\t\t<div class=\"elementor-element elementor-element-4b7a686 e-con-full e-flex e-con e-child\" data-id=\"4b7a686\" data-element_type=\"container\" data-e-type=\"container\">\n\t\t\t\t\t\t\t\n\t\t<img class=\"e-image-base\" \n\t\t\t\t\tdata-interaction-id=\"48fda6a\" \n\t\t \n\t\t \n\t\t\t\t\t\t\t\t\tid=\"2057\"\n\t\t\t\t\t\t\t\t\t\t\t\tsrc=\"https:\/\/newliferc.com\/wp-content\/uploads\/2026\/04\/Gemini_Generated_Image_w2q804w2q804w2q8-1.webp\"\n\t\t\t\t\t\t\t\t\t\t\t\twidth=\"1920\"\n\t\t\t\t\t\t\t\t\t\t\t\theight=\"2214\"\n\t\t\t\t\t\t\t\t\t\t\t\tsrcset=\"https:\/\/newliferc.com\/wp-content\/uploads\/2026\/04\/Gemini_Generated_Image_w2q804w2q804w2q8-1.webp 1920w, https:\/\/newliferc.com\/wp-content\/uploads\/2026\/04\/Gemini_Generated_Image_w2q804w2q804w2q8-1-260x300.webp 260w, https:\/\/newliferc.com\/wp-content\/uploads\/2026\/04\/Gemini_Generated_Image_w2q804w2q804w2q8-1-888x1024.webp 888w, https:\/\/newliferc.com\/wp-content\/uploads\/2026\/04\/Gemini_Generated_Image_w2q804w2q804w2q8-1-768x886.webp 768w, https:\/\/newliferc.com\/wp-content\/uploads\/2026\/04\/Gemini_Generated_Image_w2q804w2q804w2q8-1-1332x1536.webp 1332w, https:\/\/newliferc.com\/wp-content\/uploads\/2026\/04\/Gemini_Generated_Image_w2q804w2q804w2q8-1-1776x2048.webp 1776w, https:\/\/newliferc.com\/wp-content\/uploads\/2026\/04\/Gemini_Generated_Image_w2q804w2q804w2q8-1-10x12.webp 10w\"\n\t\t\t\t\t\t\t\t\t\t\t\talt=\"\"\n\t\t\t\t\t\t\/>\n\t\t\t\t\t<\/div>\n\t\t<div class=\"elementor-element elementor-element-470cea2 e-con-full e-flex e-con e-child\" data-id=\"470cea2\" data-element_type=\"container\" data-e-type=\"container\">\n\t\t\t\t\t\t\t\n\t\t<img class=\"e-image-base\" \n\t\t\t\t\tdata-interaction-id=\"97aa339\" \n\t\t \n\t\t \n\t\t\t\t\t\t\t\t\tid=\"2058\"\n\t\t\t\t\t\t\t\t\t\t\t\tsrc=\"https:\/\/newliferc.com\/wp-content\/uploads\/2026\/04\/Gemini_Generated_Image_838fqa838fqa838f-1.webp\"\n\t\t\t\t\t\t\t\t\t\t\t\twidth=\"1920\"\n\t\t\t\t\t\t\t\t\t\t\t\theight=\"2214\"\n\t\t\t\t\t\t\t\t\t\t\t\tsrcset=\"https:\/\/newliferc.com\/wp-content\/uploads\/2026\/04\/Gemini_Generated_Image_838fqa838fqa838f-1.webp 1920w, https:\/\/newliferc.com\/wp-content\/uploads\/2026\/04\/Gemini_Generated_Image_838fqa838fqa838f-1-260x300.webp 260w, https:\/\/newliferc.com\/wp-content\/uploads\/2026\/04\/Gemini_Generated_Image_838fqa838fqa838f-1-888x1024.webp 888w, https:\/\/newliferc.com\/wp-content\/uploads\/2026\/04\/Gemini_Generated_Image_838fqa838fqa838f-1-768x886.webp 768w, https:\/\/newliferc.com\/wp-content\/uploads\/2026\/04\/Gemini_Generated_Image_838fqa838fqa838f-1-1332x1536.webp 1332w, https:\/\/newliferc.com\/wp-content\/uploads\/2026\/04\/Gemini_Generated_Image_838fqa838fqa838f-1-1776x2048.webp 1776w, https:\/\/newliferc.com\/wp-content\/uploads\/2026\/04\/Gemini_Generated_Image_838fqa838fqa838f-1-10x12.webp 10w\"\n\t\t\t\t\t\t\t\t\t\t\t\talt=\"\"\n\t\t\t\t\t\t\/>\n\t\t\t\t\t<\/div>\n\t\t\t\t\t<\/div>\n\t\t\t\t<\/div>\n\t\t<div class=\"elementor-element elementor-element-5e79e13 e-flex e-con-boxed e-con e-parent\" data-id=\"5e79e13\" data-element_type=\"container\" data-e-type=\"container\">\n\t\t\t\t\t<div class=\"e-con-inner\">\n\t\t\t\t\t\t\t\t<p class=\"e-b5462ae-ba018f0 e-paragraph-base\" data-interaction-id=\"b5462ae\"  >\n\t\t\t\t\t\t\t\tMedicina regenerativa de clase mundial a una fracci\u00f3n de los precios de EE. UU.<br>Destino seguro, hermoso y tranquilo para la sanaci\u00f3n.<br>Excelencia m\u00e9dica, atenci\u00f3n compasiva, unidos por su bienestar.<br>Paquetes todo incluido: tratamiento, hospedaje, transporte y relajaci\u00f3n.<br>\n\t\t\t\t\t<\/p>\n\t\t\t\t\t<\/div>\n\t\t\t\t<\/div>\n\t\t<div class=\"elementor-element elementor-element-5dc49db e-flex e-con-boxed e-con e-parent\" data-id=\"5dc49db\" data-element_type=\"container\" data-e-type=\"container\">\n\t\t\t\t\t<div class=\"e-con-inner\">\n\t\t\t\t\t\t\t\n\t\t<img class=\"e-image-base e-d8bdbeb-0075b12\" \n\t\t\t\t\tdata-interaction-id=\"d8bdbeb\" \n\t\t \n\t\t \n\t\t\t\t\t\t\t\t\tid=\"2067\"\n\t\t\t\t\t\t\t\t\t\t\t\tsrc=\"https:\/\/newliferc.com\/wp-content\/uploads\/2026\/04\/Diseno-sin-titulo-21-1.webp\"\n\t\t\t\t\t\t\t\t\t\t\t\twidth=\"1172\"\n\t\t\t\t\t\t\t\t\t\t\t\theight=\"935\"\n\t\t\t\t\t\t\t\t\t\t\t\tsrcset=\"https:\/\/newliferc.com\/wp-content\/uploads\/2026\/04\/Diseno-sin-titulo-21-1.webp 1172w, https:\/\/newliferc.com\/wp-content\/uploads\/2026\/04\/Diseno-sin-titulo-21-1-300x239.webp 300w, https:\/\/newliferc.com\/wp-content\/uploads\/2026\/04\/Diseno-sin-titulo-21-1-1024x817.webp 1024w, https:\/\/newliferc.com\/wp-content\/uploads\/2026\/04\/Diseno-sin-titulo-21-1-768x613.webp 768w, https:\/\/newliferc.com\/wp-content\/uploads\/2026\/04\/Diseno-sin-titulo-21-1-15x12.webp 15w\"\n\t\t\t\t\t\t\t\t\t\t\t\talt=\"\"\n\t\t\t\t\t\t\/>\n\t\t\t\t\t\t<\/div>\n\t\t\t\t<\/div>\n\t\t\t\t<\/div>","protected":false},"excerpt":{"rendered":"<p>HEAL IN PARADISE YOUR REGENERATIVE JOURNEY TO COSTA RICA&nbsp; New Life Regen Center want to be the world\u2019s leading regenerative medical center, transforming lives through groundbreaking treatments that harness the body\u2019s natural healing power. We envision a future where degenerative diseases are no longer life sentences, where aging is graceful, and where every patient has [&hellip;]<\/p>\n","protected":false},"author":1,"featured_media":0,"parent":0,"menu_order":0,"comment_status":"closed","ping_status":"closed","template":"","meta":{"footnotes":""},"class_list":["post-1036","page","type-page","status-publish","hentry"],"blocksy_meta":{"has_hero_section":"disabled","vertical_spacing_source":"custom","content_area_spacing":"none","styles_descriptor":{"styles":{"desktop":"","tablet":"","mobile":""},"google_fonts":[],"version":6}},"_hostinger_reach_plugin_has_subscription_block":false,"_hostinger_reach_plugin_is_elementor":false,"_links":{"self":[{"href":"https:\/\/newliferc.com\/es\/wp-json\/wp\/v2\/pages\/1036","targetHints":{"allow":["GET"]}}],"collection":[{"href":"https:\/\/newliferc.com\/es\/wp-json\/wp\/v2\/pages"}],"about":[{"href":"https:\/\/newliferc.com\/es\/wp-json\/wp\/v2\/types\/page"}],"author":[{"embeddable":true,"href":"https:\/\/newliferc.com\/es\/wp-json\/wp\/v2\/users\/1"}],"replies":[{"embeddable":true,"href":"https:\/\/newliferc.com\/es\/wp-json\/wp\/v2\/comments?post=1036"}],"version-history":[{"count":85,"href":"https:\/\/newliferc.com\/es\/wp-json\/wp\/v2\/pages\/1036\/revisions"}],"predecessor-version":[{"id":2240,"href":"https:\/\/newliferc.com\/es\/wp-json\/wp\/v2\/pages\/1036\/revisions\/2240"}],"wp:attachment":[{"href":"https:\/\/newliferc.com\/es\/wp-json\/wp\/v2\/media?parent=1036"}],"curies":[{"name":"wp","href":"https:\/\/api.w.org\/{rel}","templated":true}]}}