{"id":2081,"date":"2026-04-21T18:41:17","date_gmt":"2026-04-22T00:41:17","guid":{"rendered":"https:\/\/newliferc.com\/?page_id=2081"},"modified":"2026-04-23T11:56:30","modified_gmt":"2026-04-23T17:56:30","slug":"joint-preservation","status":"publish","type":"page","link":"https:\/\/newliferc.com\/es\/joint-preservation\/","title":{"rendered":"Preservaci\u00f3n Articular"},"content":{"rendered":"<div data-elementor-type=\"wp-page\" data-elementor-id=\"2081\" class=\"elementor elementor-2081\">\n\t\t\t\t<div class=\"elementor-element elementor-element-77cacb9 e-flex e-con-boxed e-con e-parent\" data-id=\"77cacb9\" data-element_type=\"container\" data-e-type=\"container\">\n\t\t\t\t\t<div class=\"e-con-inner\">\n\t\t<div class=\"elementor-element elementor-element-847a5c3 e-con-full e-flex e-con e-child\" data-id=\"847a5c3\" data-element_type=\"container\" data-e-type=\"container\">\n\t\t\t\t\t\t\t<h2 \n\t\tdata-interaction-id=\"7cb9c75\" \n\t\tclass=\"e-7cb9c75-b1b65d7 e-heading-base\" \n\t\t \n\t\t\n\t>\n\t\n\t\t\t\"El futuro de la ortopedia no es el reemplazo; es la restauraci\u00f3n.\n\t\t<\/h2>\n\t\t\t\t\t\t\t\t<p class=\"e-27935cd-3d43e4c e-paragraph-base\" data-interaction-id=\"27935cd\"  >\n\t\t\t\t\t\t\t\tNuestro programa de Preservaci\u00f3n Articular combina medicina regenerativa de vanguardia con diagn\u00f3sticos de precisi\u00f3n para tratar el desgaste articular a nivel celular. <br>Nos enfocamos en mantener la integridad estructural de su cuerpo, ayud\u00e1ndole a evitar cirug\u00edas invasivas y largos tiempos de recuperaci\u00f3n. \nPreserve su base con la ciencia del ma\u00f1ana.<br>\n\t\t\t\t\t<\/p>\n\t\t\t\t<\/div>\n\t\t<div class=\"elementor-element elementor-element-4e87077 e-con-full e-flex e-con e-child\" data-id=\"4e87077\" data-element_type=\"container\" data-e-type=\"container\">\n\t\t\t\t\t\t\t\n\t\t<img class=\"e-image-base\" \n\t\t\t\t\tdata-interaction-id=\"26d369d\" \n\t\t \n\t\t \n\t\t\t\t\t\t\t\t\tid=\"2083\"\n\t\t\t\t\t\t\t\t\t\t\t\tsrc=\"https:\/\/newliferc.com\/wp-content\/uploads\/2026\/04\/Diseno-sin-titulo-31-1.webp\"\n\t\t\t\t\t\t\t\t\t\t\t\twidth=\"1656\"\n\t\t\t\t\t\t\t\t\t\t\t\theight=\"1536\"\n\t\t\t\t\t\t\t\t\t\t\t\tsrcset=\"https:\/\/newliferc.com\/wp-content\/uploads\/2026\/04\/Diseno-sin-titulo-31-1.webp 1656w, https:\/\/newliferc.com\/wp-content\/uploads\/2026\/04\/Diseno-sin-titulo-31-1-300x278.webp 300w, https:\/\/newliferc.com\/wp-content\/uploads\/2026\/04\/Diseno-sin-titulo-31-1-1024x950.webp 1024w, https:\/\/newliferc.com\/wp-content\/uploads\/2026\/04\/Diseno-sin-titulo-31-1-768x712.webp 768w, https:\/\/newliferc.com\/wp-content\/uploads\/2026\/04\/Diseno-sin-titulo-31-1-1536x1425.webp 1536w, https:\/\/newliferc.com\/wp-content\/uploads\/2026\/04\/Diseno-sin-titulo-31-1-13x12.webp 13w\"\n\t\t\t\t\t\t\t\t\t\t\t\talt=\"\"\n\t\t\t\t\t\t\/>\n\t\t\t\t\t<\/div>\n\t\t\t\t\t<\/div>\n\t\t\t\t<\/div>\n\t\t<div class=\"elementor-element elementor-element-9b7e1f8 e-flex e-con-boxed e-con e-parent\" data-id=\"9b7e1f8\" data-element_type=\"container\" data-e-type=\"container\">\n\t\t\t\t\t<div class=\"e-con-inner\">\n\t\t\t\t\t\t\t<h2 \n\t\tdata-interaction-id=\"7e468ae\" \n\t\tclass=\"e-7e468ae-1ca19d4 e-heading-base\" \n\t\t \n\t\t\n\t>\n\t\n\t\t\t<strong id=\"e-mo9c0bgu-4pnzgzs\">\u00bfPor qu\u00e9 preservar?<br><br>La Ciencia de Conservar lo Tuyo<\/strong>\n\t\t<\/h2>\n\t\t\t\t\t\t\t\t<p class=\"e-abaab34-78ae220 e-paragraph-base\" data-interaction-id=\"abaab34\"  >\n\t\t\t\t\t\t\t\tSi bien el reemplazo articular es una soluci\u00f3n com\u00fan, siempre debe ser el \u00faltimo recurso.<br>En <strong id=\"e-mo9c2v3o-1z60w1o\">New Life Regen Center<\/strong>, nuestro objetivo es intervenir antes de que el da\u00f1o sea irreversible. <br><br>Aqu\u00ed le explicamos por qu\u00e9 conservar sus articulaciones naturales es la opci\u00f3n superior para su salud a largo plazo:\n\t\t\t\t\t<\/p>\n\t\t\t\t\t\t\t\t<p class=\"e-87a3c50-e66c0c2 e-paragraph-base\" data-interaction-id=\"87a3c50\"  >\n\t\t\t\t\t\t\t\t<strong id=\"e-mo9c3v3h-rz27umo\">Superioridad biol\u00f3gica:<\/strong> Ninguna pr\u00f3tesis puede replicar perfectamente la compleja mec\u00e1nica, la retroalimentaci\u00f3n sensorial (propiocepci\u00f3n) y la sensaci\u00f3n natural de tu propia articulaci\u00f3n biol\u00f3gica.<br><strong id=\"e-mo9c3v3h-rluf2vp\">Tiempo de inactividad m\u00ednimo:<\/strong> A diferencia de las cirug\u00edas mayores que requieren meses de dolorosa rehabilitaci\u00f3n, nuestros tratamientos regenerativos son m\u00ednimamente invasivos, lo que le permite regresar a su vida y actividades diarias mucho m\u00e1s r\u00e1pido.<br><strong id=\"e-mo9c3v3h-hzrbxt2\">Evitar riesgos quir\u00fargicos:<\/strong> Al optar por la preservaci\u00f3n, usted elimina los riesgos asociados con la anestesia general, las infecciones adquiridas en el hospital y las posibles complicaciones como co\u00e1gulos sangu\u00edneos o el rechazo del implante.<br><strong id=\"e-mo9c3v3h-zkw52dx\">Una Soluci\u00f3n para Toda la Vida:<\/strong> Las articulaciones artificiales tienen una \"vida \u00fatil\" (normalmente <strong id=\"e-mo9c3v3h-tjypd8n\">15\u201320 a\u00f1os<\/strong>). Para pacientes activos o j\u00f3venes, esto a menudo conduce a cirug\u00edas de revisi\u00f3n complejas y arriesgadas m\u00e1s adelante en la vida. La preservaci\u00f3n mantiene intacta tu base.<br><strong id=\"e-mo9c3v3h-q2txmz0\">Sanaci\u00f3n de Precisi\u00f3n<\/strong> En lugar de simplemente reemplazar una parte, estimulamos la capacidad innata de su cuerpo para repararse a s\u00ed mismo a nivel celular, abordando la causa ra\u00edz del dolor en lugar de solo los s\u00edntomas.\n\t\t\t\t\t<\/p>\n\t\t\t\t\t\t\t<h2 \n\t\tdata-interaction-id=\"29dbc16\" \n\t\tclass=\"e-29dbc16-8ea19cb e-heading-base\" \n\t\t \n\t\t\n\t>\n\t\n\t\t\t<strong id=\"e-mo9c5b60-ondq9yp\">\"La mejor articulaci\u00f3n es con la que naciste. Nuestra misi\u00f3n es asegurar que se mantenga sana, fuerte y funcional durante el mayor tiempo posible.\"<\/strong>\n\t\t<\/h2>\n\t\t\t\t\t<\/div>\n\t\t\t\t<\/div>\n\t\t<div class=\"elementor-element elementor-element-b65d990 e-flex e-con-boxed e-con e-parent\" data-id=\"b65d990\" data-element_type=\"container\" data-e-type=\"container\">\n\t\t\t\t\t<div class=\"e-con-inner\">\n\t\t\t\t\t\t\t<h2 \n\t\tdata-interaction-id=\"fd74c75\" \n\t\tclass=\"e-fd74c75-28e58df e-heading-base\" \n\t\t \n\t\t\n\t>\n\t\n\t\t\t<strong id=\"e-mo9c6jy6-ijrh89t\">Nuestro Enfoque<br><br>La Intersecci\u00f3n de Precisi\u00f3n y Regeneraci\u00f3n<\/strong>\n\t\t<\/h2>\n\t\t\t\t\t\t\t\t<p class=\"e-paragraph-base\" data-interaction-id=\"e022234\"  >\n\t\t\t\t\t\t\t\tEn <strong id=\"e-mo9caw6c-rl2yi6e\">New Life Regen Center<\/strong>, no creemos en tratamientos de \"talla \u00fanica\". Nuestra metodolog\u00eda combina los \u00faltimos avances de la biotecnolog\u00eda con un plan personalizado dise\u00f1ado espec\u00edficamente para tu biolog\u00eda.<br><br>1. Diagn\u00f3sticos de Precisi\u00f3n<br>Todo comienza con datos. Utilizamos im\u00e1genes avanzadas y biomarcadores especializados para evaluar el estado exacto del tejido de su articulaci\u00f3n. Al comprender el entorno espec\u00edfico de su lesi\u00f3n, podemos atacar la causa principal de la degeneraci\u00f3n en lugar de simplemente enmascarar el dolor.<br><br>2. Restauraci\u00f3n Biol\u00f3gica<br>Aprovechamos las herramientas m\u00e1s potentes de la medicina regenerativa para activar los mecanismos de reparaci\u00f3n naturales de tu cuerpo. Nuestros tratamientos incluyen:<br><br><strong id=\"e-mo9caw6c-xf0fo14\">Terapias Celulares:<\/strong> Utilizando c\u00e9lulas regenerativas de alta concentraci\u00f3n para reconstruir cart\u00edlago y tejido da\u00f1ado.<br><strong id=\"e-mo9caw6c-yc5odv1\">PRP Avanzado (Plasma Rico en Plaquetas):<\/strong> Usando los factores de crecimiento de tu propia sangre para reducir la inflamaci\u00f3n y acelerar la curaci\u00f3n.<br><strong id=\"e-mo9caw6c-k3d69qa\">Terapia de Exosomas<\/strong> Aprovechando la se\u00f1alizaci\u00f3n celular para optimizar el entorno y la recuperaci\u00f3n de los tejidos.<br><br>3. Optimizaci\u00f3n integral<br>La salud articular es sist\u00e9mica. Nuestro enfoque incluye la \"Bioortopedia\", donde optimizamos tu salud metab\u00f3lica, nutrici\u00f3n y biomec\u00e1nica. Nos aseguramos de que tu cuerpo tenga las \"materias primas\" y la alineaci\u00f3n correcta necesarias para soportar y mantener el proceso regenerativo.<br><br>4. Recuperaci\u00f3n Guiada<br>No solo realizamos un procedimiento; caminamos el camino de la recuperaci\u00f3n con usted. Nuestro equipo proporciona protocolos especializados para proteger la articulaci\u00f3n reci\u00e9n tratada y garantizar la integridad estructural a largo plazo, ayud\u00e1ndole a regresar a su m\u00e1ximo rendimiento de forma segura.\n\t\t\t\t\t<\/p>\n\t\t\t\t\t\t\t<h2 \n\t\tdata-interaction-id=\"8f26487\" \n\t\tclass=\"e-8f26487-1ada85e e-heading-base\" \n\t\t \n\t\t\n\t>\n\t\n\t\t\t<strong id=\"e-mo9cbun2-004e46n\">No solo tratamos articulaciones; optimizamos la biolog\u00eda humana para asegurar que te mantengas activo, sin dolor e independiente.<\/strong>\n\t\t<\/h2>\n\t\t\t\t\t<\/div>\n\t\t\t\t<\/div>\n\t\t<div class=\"elementor-element elementor-element-d1c6f88 e-flex e-con-boxed e-con e-parent\" data-id=\"d1c6f88\" data-element_type=\"container\" data-e-type=\"container\">\n\t\t\t\t\t<div class=\"e-con-inner\">\n\t\t\t\t\t\t\t<h2 \n\t\tdata-interaction-id=\"865587c\" \n\t\tclass=\"e-865587c-f767f82 e-heading-base\" \n\t\t \n\t\t\n\t>\n\t\n\t\t\t<strong id=\"e-mo9cd4p5-pq8n0u8\">Condiciones que Tratamos<br><br>Soluciones Conjuntas Integrales<\/strong>\n\t\t<\/h2>\n\t\t\t\t\t\t\t\t<p class=\"e-6531767-088e543 e-paragraph-base\" data-interaction-id=\"6531767\"  >\n\t\t\t\t\t\t\t\tNuestros protocolos regenerativos est\u00e1n dise\u00f1ados para tratar una amplia gama de afecciones ortop\u00e9dicas, desde el desgaste degenerativo cr\u00f3nico hasta lesiones deportivas agudas. Nos especializamos en el tratamiento de las siguientes \u00e1reas:\n\t\t\t\t\t<\/p>\n\t\t\t\t\t<\/div>\n\t\t\t\t<\/div>\n\t\t<div class=\"elementor-element elementor-element-380bd4d e-flex e-con-boxed e-con e-parent\" data-id=\"380bd4d\" data-element_type=\"container\" data-e-type=\"container\">\n\t\t\t\t\t<div class=\"e-con-inner\">\n\t\t\t\t\t\t\t<h2 \n\t\tdata-interaction-id=\"38d4750\" \n\t\tclass=\"e-heading-base\" \n\t\t \n\t\t\n\t>\n\t\n\t\t\t<strong id=\"e-mo9cgz9m-c06c4xv\">Cuidado de rodillas<\/strong>\n\t\t<\/h2>\n\t\t\t\t\t\t\t\t<p class=\"e-paragraph-base\" data-interaction-id=\"f97d3d4\"  >\n\t\t\t\t\t\t\t\t<strong id=\"e-mo9ch8da-jpkyhow\">Osteoartritis (OA):<\/strong> Reducir la inflamaci\u00f3n y proteger el cart\u00edlago restante.<br><strong id=\"e-mo9ch8da-cr4m2rl\">Desgarros de menisco<\/strong> Tratamiento de desgarros y prevenci\u00f3n de degeneraci\u00f3n a largo plazo.<br><strong id=\"e-mo9ch8da-g6lcx8v\">Lesiones de Ligamentos:<\/strong> Soporte no quir\u00fargico para esguinces de LCA, LCL y LCP.<br><strong id=\"e-mo9ch8da-8zolryq\">Tendinitis Rotuliana<\/strong> Tratamiento de la rodilla del saltador y el dolor cr\u00f3nico del tend\u00f3n.\n\t\t\t\t\t<\/p>\n\t\t\t\t\t\t\t<h2 \n\t\tdata-interaction-id=\"661f0e7\" \n\t\tclass=\"e-heading-base\" \n\t\t \n\t\t\n\t>\n\t\n\t\t\t<strong id=\"e-mo9cjr6s-9cmcl05\">Hombro y Extremidad Superior<\/strong>\n\t\t<\/h2>\n\t\t\t\t\t\t\t\t<p class=\"e-paragraph-base\" data-interaction-id=\"bc67cd8\"  >\n\t\t\t\t\t\t\t\t<strong id=\"e-mo9ck5mg-r8m6am7\">Laceraciones del Manguito Rotador:<\/strong> Promoci\u00f3n de la curaci\u00f3n en desgarros parciales y tendinitis cr\u00f3nica.<br><strong id=\"e-mo9ck5mg-wqqzn0y\">Desgarros del labrum<\/strong> Restaurar la estabilidad y reducir el dolor profundo de hombro.<br><strong id=\"e-mo9ck5mg-hoyftq5\">S\u00edndrome de atrapamiento del hombro<\/strong> Resoluci\u00f3n de la inflamaci\u00f3n y restauraci\u00f3n del rango de movimiento.<br><strong id=\"e-mo9ck5mg-l5k3zry\">Codo de tenista y codo de golfista:<\/strong> Terapia dirigida para la epicondilitis cr\u00f3nica.\n\t\t\t\t\t<\/p>\n\t\t\t\t\t\t\t<h2 \n\t\tdata-interaction-id=\"92536e2\" \n\t\tclass=\"e-heading-base\" \n\t\t \n\t\t\n\t>\n\t\n\t\t\t<strong id=\"e-mo9ckgxq-8xmgkgc\">Cadera y Pelvis<\/strong>\n\t\t<\/h2>\n\t\t\t\t\t\t\t\t<p class=\"e-paragraph-base\" data-interaction-id=\"221ebd5\"  >\n\t\t\t\t\t\t\t\t<strong id=\"e-mo9ckspt-8r6aqkl\">Osteoartritis de cadera:<\/strong> Mejorar la lubricaci\u00f3n y movilidad de las articulaciones.<br><strong id=\"e-mo9ckspt-8aahms2\">Desgarros del labrum<\/strong> Abordar la causa ra\u00edz del dolor mec\u00e1nico de cadera.<br><strong id=\"e-mo9ckspt-615lei4\">Bursitis y Tendinitis<\/strong> Reducir la inflamaci\u00f3n localizada y restaurar la funci\u00f3n.\n\t\t\t\t\t<\/p>\n\t\t\t\t\t\t\t<h2 \n\t\tdata-interaction-id=\"751606a\" \n\t\tclass=\"e-heading-base\" \n\t\t \n\t\t\n\t>\n\t\n\t\t\t<strong id=\"e-mo9cl2d6-wnirctp\">Salud de la columna y la espalda<\/strong>\n\t\t<\/h2>\n\t\t\t\t\t\t\t\t<p class=\"e-paragraph-base\" data-interaction-id=\"4db38a8\"  >\n\t\t\t\t\t\t\t\t<strong id=\"e-mo9cle36-u49mvqd\">Enfermedad degenerativa del disco<\/strong> Apoyo a la integridad estructural de los discos espinales.<br><strong id=\"e-mo9cle36-3q98fpf\">S\u00edndrome de las Facetas Articulares<\/strong> Alivio del dolor articular localizado en la columna vertebral.<br><strong id=\"e-mo9cle36-f2q84ku\">Disfunci\u00f3n de la articulaci\u00f3n sacroil\u00edaca (SI):<\/strong> Restaurar la estabilidad en la zona lumbar y la pelvis.\n\t\t\t\t\t<\/p>\n\t\t\t\t\t\t\t<h2 \n\t\tdata-interaction-id=\"5d5f1f6\" \n\t\tclass=\"e-heading-base\" \n\t\t \n\t\t\n\t>\n\t\n\t\t\t<strong id=\"e-mo9clooo-pcmqx4u\">Pie y Tobillo<\/strong>\n\t\t<\/h2>\n\t\t\t\t\t\t\t\t<p class=\"e-paragraph-base\" data-interaction-id=\"bde6096\"  >\n\t\t\t\t\t\t\t\t<strong id=\"e-mo9clyu5-2zc1ols\">Tendinitis de Aquiles:<\/strong> Reparaci\u00f3n de desgaste cr\u00f3nico y distensiones agudas.<br><strong id=\"e-mo9clyu5-kajdq4l\">Esguinces y Inestabilidad de Tobillo:<\/strong> Fortalecimiento de ligamentos para un mejor soporte.<br><strong id=\"e-mo9clyu5-uke7ekm\">Fascitis plantar<\/strong> Tratando el dolor cr\u00f3nico del tal\u00f3n en su origen.\n\t\t\t\t\t<\/p>\n\t\t\t\t\t\t\t<h2 \n\t\tdata-interaction-id=\"61651b0\" \n\t\tclass=\"e-61651b0-f67d101 e-heading-base\" \n\t\t \n\t\t\n\t>\n\t\n\t\t\t<strong id=\"e-mo9cmf4c-u84ap49\">\"Si sufres de dolor articular que limita tu estilo de vida, nuestro enfoque de medicina de precisi\u00f3n ofrece un camino de regreso a las actividades que amas, sin necesidad de cirug\u00eda invasiva.\"<\/strong>\n\t\t<\/h2>\n\t\t\t\t\t<\/div>\n\t\t\t\t<\/div>\n\t\t\t\t<\/div>","protected":false},"excerpt":{"rendered":"<p>&#8220;The future of orthopedics isn&#8217;t replacement; it\u2019s restoration. Our Joint Preservation program combines cutting-edge regenerative medicine with precision diagnostics to treat joint wear at the cellular level. We focus on maintaining your body\u2019s structural integrity, helping you avoid invasive surgeries and long recovery times. Preserve your foundation with the science of tomorrow.&#8221; Why Preserve? The [&hellip;]<\/p>\n","protected":false},"author":1,"featured_media":0,"parent":0,"menu_order":0,"comment_status":"closed","ping_status":"closed","template":"","meta":{"footnotes":""},"class_list":["post-2081","page","type-page","status-publish","hentry"],"blocksy_meta":[],"_hostinger_reach_plugin_has_subscription_block":false,"_hostinger_reach_plugin_is_elementor":false,"_links":{"self":[{"href":"https:\/\/newliferc.com\/es\/wp-json\/wp\/v2\/pages\/2081","targetHints":{"allow":["GET"]}}],"collection":[{"href":"https:\/\/newliferc.com\/es\/wp-json\/wp\/v2\/pages"}],"about":[{"href":"https:\/\/newliferc.com\/es\/wp-json\/wp\/v2\/types\/page"}],"author":[{"embeddable":true,"href":"https:\/\/newliferc.com\/es\/wp-json\/wp\/v2\/users\/1"}],"replies":[{"embeddable":true,"href":"https:\/\/newliferc.com\/es\/wp-json\/wp\/v2\/comments?post=2081"}],"version-history":[{"count":21,"href":"https:\/\/newliferc.com\/es\/wp-json\/wp\/v2\/pages\/2081\/revisions"}],"predecessor-version":[{"id":2237,"href":"https:\/\/newliferc.com\/es\/wp-json\/wp\/v2\/pages\/2081\/revisions\/2237"}],"wp:attachment":[{"href":"https:\/\/newliferc.com\/es\/wp-json\/wp\/v2\/media?parent=2081"}],"curies":[{"name":"wp","href":"https:\/\/api.w.org\/{rel}","templated":true}]}}