{"id":2103,"date":"2026-04-21T19:20:55","date_gmt":"2026-04-22T01:20:55","guid":{"rendered":"https:\/\/newliferc.com\/?page_id=2103"},"modified":"2026-04-22T06:15:50","modified_gmt":"2026-04-22T12:15:50","slug":"systemic-wellness","status":"publish","type":"page","link":"https:\/\/newliferc.com\/es\/systemic-wellness\/","title":{"rendered":"Bienestar Sist\u00e9mico"},"content":{"rendered":"<div data-elementor-type=\"wp-page\" data-elementor-id=\"2103\" class=\"elementor elementor-2103\">\n\t\t\t\t<div class=\"elementor-element elementor-element-901b43f e-flex e-con-boxed e-con e-parent\" data-id=\"901b43f\" data-element_type=\"container\" data-e-type=\"container\">\n\t\t\t\t\t<div class=\"e-con-inner\">\n\t\t<div class=\"elementor-element elementor-element-335f1ec e-con-full e-flex e-con e-child\" data-id=\"335f1ec\" data-element_type=\"container\" data-e-type=\"container\">\n\t\t\t\t\t\t\t<h2 \n\t\tdata-interaction-id=\"51364f0\" \n\t\tclass=\"e-51364f0-11b0935 e-heading-base\" \n\t\t \n\t\t\n\t>\n\t\n\t\t\t<strong id=\"e-mo9dcmfq-2qxkt2y\">La base de la salud total<\/strong>\n\t\t<\/h2>\n\t\t\t\t\t\t\t\t<p class=\"e-dd0066a-cc959b0 e-paragraph-base\" data-interaction-id=\"dd0066a\"  >\n\t\t\t\t\t\t\t\tLa verdadera vitalidad no es simplemente la ausencia de enfermedad; es el funcionamiento \u00f3ptimo de los sistemas internos de tu cuerpo.<br><br>En <strong id=\"e-mo9deymw-8f6fxog\">New Life Regen Center<\/strong>, nuestro pilar de Bienestar Sist\u00e9mico se centra en la compleja armon\u00eda entre tus \u00f3rganos, el metabolismo y el sistema inmunol\u00f3gico.<br><br>No nos limitamos a tratar s\u00edntomas; nos enfocamos en optimizar tu biolog\u00eda interna para que cada sistema funcione en perfecta armon\u00eda.\n\t\t\t\t\t<\/p>\n\t\t\t\t<\/div>\n\t\t<div class=\"elementor-element elementor-element-c8730cc e-con-full e-flex e-con e-child\" data-id=\"c8730cc\" data-element_type=\"container\" data-e-type=\"container\">\n\t\t\t\t\t\t\t\n\t\t<img class=\"e-image-base\" \n\t\t\t\t\tdata-interaction-id=\"2f63f7a\" \n\t\t \n\t\t \n\t\t\t\t\t\t\t\t\tid=\"2105\"\n\t\t\t\t\t\t\t\t\t\t\t\tsrc=\"https:\/\/newliferc.com\/wp-content\/uploads\/2026\/04\/Diseno-sin-titulo-32.webp\"\n\t\t\t\t\t\t\t\t\t\t\t\twidth=\"1662\"\n\t\t\t\t\t\t\t\t\t\t\t\theight=\"1536\"\n\t\t\t\t\t\t\t\t\t\t\t\tsrcset=\"https:\/\/newliferc.com\/wp-content\/uploads\/2026\/04\/Diseno-sin-titulo-32.webp 1662w, https:\/\/newliferc.com\/wp-content\/uploads\/2026\/04\/Diseno-sin-titulo-32-300x277.webp 300w, https:\/\/newliferc.com\/wp-content\/uploads\/2026\/04\/Diseno-sin-titulo-32-1024x946.webp 1024w, https:\/\/newliferc.com\/wp-content\/uploads\/2026\/04\/Diseno-sin-titulo-32-768x710.webp 768w, https:\/\/newliferc.com\/wp-content\/uploads\/2026\/04\/Diseno-sin-titulo-32-1536x1420.webp 1536w, https:\/\/newliferc.com\/wp-content\/uploads\/2026\/04\/Diseno-sin-titulo-32-13x12.webp 13w\"\n\t\t\t\t\t\t\t\t\t\t\t\talt=\"\"\n\t\t\t\t\t\t\/>\n\t\t\t\t\t<\/div>\n\t\t\t\t\t<\/div>\n\t\t\t\t<\/div>\n\t\t<div class=\"elementor-element elementor-element-450c7e2 e-flex e-con-boxed e-con e-parent\" data-id=\"450c7e2\" data-element_type=\"container\" data-e-type=\"container\">\n\t\t\t\t\t<div class=\"e-con-inner\">\n\t\t\t\t\t\t\t<h2 \n\t\tdata-interaction-id=\"114adaf\" \n\t\tclass=\"e-114adaf-bcb0964 e-heading-base\" \n\t\t \n\t\t\n\t>\n\t\n\t\t\t<strong id=\"e-mo9dmt1e-l00u9r6\">\u00bfPor qu\u00e9 sist\u00e9mico?<br><br>El Poder del Equilibrio Interno<\/strong>\n\t\t<\/h2>\n\t\t\t\t\t\t\t\t<p class=\"e-0c83891-b22cf6e e-paragraph-base\" data-interaction-id=\"0c83891\"  >\n\t\t\t\t\t\t\t\tEn la medicina moderna, a menudo se tratan los \u00f3rganos de forma aislada. Sin embargo, tu cuerpo es una obra maestra de sistemas interconectados.<br><br>Cuando un sistema se desequilibra, se crea un efecto domin\u00f3 en toda tu salud. He aqu\u00ed por qu\u00e9 un enfoque sist\u00e9mico es vital:\n\t\t\t\t\t<\/p>\n\t\t\t\t\t\t\t\t<p class=\"e-46a6366-af6a7dc e-paragraph-base\" data-interaction-id=\"46a6366\"  >\n\t\t\t\t\t\t\t\t<strong id=\"e-mo9dqa7z-909c26k\">Armon\u00eda Hol\u00edstica:<\/strong> Tu salud intestinal afecta a tu cerebro, tu h\u00edgado influye en tu energ\u00eda y tus ri\u00f1ones repercuten en tu coraz\u00f3n. Tratamos la red, no solo los nodos.<br><strong id=\"e-mo9dqa7z-xx7hp32\">Resoluci\u00f3n de la Causa Ra\u00edz:<\/strong> Muchos problemas cr\u00f3nicos como la fatiga, la niebla mental y la inflamaci\u00f3n tienen su origen en desequilibrios sist\u00e9micos. Investigamos a profundidad para encontrar d\u00f3nde comenz\u00f3 el fallo.<br><strong id=\"e-mo9dqa80-uyt36pl\">Optimizaci\u00f3n Metab\u00f3lica:<\/strong> Un metabolismo equilibrado es el motor de la vida. Al optimizar la forma en que tu cuerpo procesa la energ\u00eda y las toxinas, potenciamos tu rendimiento diario y tu salud a largo plazo.<br><strong id=\"e-mo9dqa80-b32l7o0\">Longevidad Proactiva:<\/strong> El bienestar sist\u00e9mico se centra en el \"periodo de salud\" (health-span). Identificamos y corregimos peque\u00f1os desequilibrios antes de que se conviertan en grandes desaf\u00edos para tu salud.\n\t\t\t\t\t<\/p>\n\t\t\t\t\t<\/div>\n\t\t\t\t<\/div>\n\t\t<div class=\"elementor-element elementor-element-2f4ff77 e-flex e-con-boxed e-con e-parent\" data-id=\"2f4ff77\" data-element_type=\"container\" data-e-type=\"container\">\n\t\t\t\t\t<div class=\"e-con-inner\">\n\t\t\t\t\t\t\t<h2 \n\t\tdata-interaction-id=\"eb7dad7\" \n\t\tclass=\"e-eb7dad7-9691266 e-heading-base\" \n\t\t \n\t\t\n\t>\n\t\n\t\t\t<strong id=\"e-mo9dsj17-myqy1b3\">Nuestro Enfoque<br><br>Cuidado Metab\u00f3lico de Precisi\u00f3n<\/strong>\n\t\t<\/h2>\n\t\t\t\t\t\t\t\t<p class=\"e-9823782-b025f8b e-paragraph-base\" data-interaction-id=\"9823782\"  >\n\t\t\t\t\t\t\t\tNuestra metodolog\u00eda para la salud sist\u00e9mica se fundamenta en los mismos principios de precisi\u00f3n y regeneraci\u00f3n que definen a New Life.\n\t\t\t\t\t<\/p>\n\t\t\t\t\t<\/div>\n\t\t\t\t<\/div>\n\t\t<div class=\"elementor-element elementor-element-0da54b3 e-flex e-con-boxed e-con e-parent\" data-id=\"0da54b3\" data-element_type=\"container\" data-e-type=\"container\">\n\t\t\t\t\t<div class=\"e-con-inner\">\n\t\t\t\t\t\t\t\t<p class=\"e-87d0d79-f230775 e-paragraph-base\" data-interaction-id=\"87d0d79\"  >\n\t\t\t\t\t\t\t\t1. Diagn\u00f3stico Profundo<br>Vamos mucho m\u00e1s all\u00e1 de los an\u00e1lisis de sangre convencionales.<br><br>Utilizamos biomarcadores funcionales avanzados para evaluar la desintoxicaci\u00f3n hep\u00e1tica, la filtraci\u00f3n renal, la salud del microbioma intestinal y las respuestas al estr\u00e9s adrenal.<br>Esto nos permite ver exactamente c\u00f3mo est\u00e1n funcionando tus sistemas internos.\n\t\t\t\t\t<\/p>\n\t\t\t\t\t<\/div>\n\t\t\t\t<\/div>\n\t\t<div class=\"elementor-element elementor-element-505ed02 e-flex e-con-boxed e-con e-parent\" data-id=\"505ed02\" data-element_type=\"container\" data-e-type=\"container\">\n\t\t\t\t\t<div class=\"e-con-inner\">\n\t\t\t\t\t\t\t\t<p class=\"e-1577073-52ad4f1 e-paragraph-base\" data-interaction-id=\"1577073\"  >\n\t\t\t\t\t\t\t\t2. Terapias Celulares e Intravenosas<br>Suministramos potentes precursores regenerativos y nutrientes directamente donde m\u00e1s se necesitan.<br><br><strong id=\"e-moa0mxdd-prigrm1\">Terapia de Nutrientes IV:<\/strong> Mezclas personalizadas de vitaminas, minerales y antioxidantes para superar las limitaciones digestivas.<br><strong id=\"e-moa0mxdd-ef250ql\">Se\u00f1alizaci\u00f3n Celular:<\/strong> Uso de exosomas y otros factores para promover la reparaci\u00f3n de los tejidos de los \u00f3rganos y reducir la inflamaci\u00f3n sist\u00e9mica.\n\t\t\t\t\t<\/p>\n\t\t\t\t\t<\/div>\n\t\t\t\t<\/div>\n\t\t<div class=\"elementor-element elementor-element-4f15f57 e-flex e-con-boxed e-con e-parent\" data-id=\"4f15f57\" data-element_type=\"container\" data-e-type=\"container\">\n\t\t\t\t\t<div class=\"e-con-inner\">\n\t\t\t\t\t\t\t\t<p class=\"e-5f26e9d-3283643 e-paragraph-base\" data-interaction-id=\"5f26e9d\"  >\n\t\t\t\t\t\t\t\t3. Integraci\u00f3n Intestino-Inmune<br><br>Dado que el 70% del sistema inmunitario reside en el intestino, priorizamos la \"Vitalidad Intestinal\". Utilizamos protocolos de precisi\u00f3n para restaurar el microbioma y fortalecer la barrera intestinal, impactando en todo, desde el estado de \u00e1nimo hasta la inmunidad.\n\t\t\t\t\t<\/p>\n\t\t\t\t\t<\/div>\n\t\t\t\t<\/div>\n\t\t<div class=\"elementor-element elementor-element-4cdc122 e-flex e-con-boxed e-con e-parent\" data-id=\"4cdc122\" data-element_type=\"container\" data-e-type=\"container\">\n\t\t\t\t\t<div class=\"e-con-inner\">\n\t\t\t\t\t\t\t\t<p class=\"e-32fcca1-910a5b6 e-paragraph-base\" data-interaction-id=\"32fcca1\"  >\n\t\t\t\t\t\t\t\t4. Equilibrio Hormonal y Adrenal<br><br>Optimizamos el eje \"estr\u00e9s-energ\u00eda\". Al brindar soporte a tus gl\u00e1ndulas adrenales y equilibrar los niveles hormonales, ayudamos a tu cuerpo a gestionar el estr\u00e9s de manera efectiva y a mantener una energ\u00eda constante durante todo el d\u00eda.\n\t\t\t\t\t<\/p>\n\t\t\t\t\t<\/div>\n\t\t\t\t<\/div>\n\t\t<div class=\"elementor-element elementor-element-9b19bb8 e-flex e-con-boxed e-con e-parent\" data-id=\"9b19bb8\" data-element_type=\"container\" data-e-type=\"container\">\n\t\t\t\t\t<div class=\"e-con-inner\">\n\t\t\t\t\t\t\t<h2 \n\t\tdata-interaction-id=\"5edf43f\" \n\t\tclass=\"e-5edf43f-897c0c0 e-heading-base\" \n\t\t \n\t\t\n\t>\n\t\n\t\t\t<strong id=\"e-mo9e3bkp-vs9gqst\">Condiciones que Tratamos<br><br>Optimizaci\u00f3n Total del Cuerpo<\/strong>\n\t\t<\/h2>\n\t\t\t\t\t\t\t\t<p class=\"e-70324ad-f9abd91 e-paragraph-base\" data-interaction-id=\"70324ad\"  >\n\t\t\t\t\t\t\t\tNuestros protocolos sist\u00e9micos est\u00e1n dise\u00f1ados para restaurar la funci\u00f3n y la vitalidad en todos los sistemas centrales de tu cuerpo:\n\t\t\t\t\t<\/p>\n\t\t\t\t\t<\/div>\n\t\t\t\t<\/div>\n\t\t<div class=\"elementor-element elementor-element-c99b277 e-flex e-con-boxed e-con e-parent\" data-id=\"c99b277\" data-element_type=\"container\" data-e-type=\"container\">\n\t\t\t\t\t<div class=\"e-con-inner\">\n\t\t\t\t\t\t\t<h2 \n\t\tdata-interaction-id=\"d2517cc\" \n\t\tclass=\"e-heading-base\" \n\t\t \n\t\t\n\t>\n\t\n\t\t\t<strong id=\"e-mo9e8t7v-6le6q2b\">Salud Metab\u00f3lica y Hep\u00e1tica \/ S\u00edndrome Metab\u00f3lico<\/strong>\n\t\t<\/h2>\n\t\t\t\t\t\t\t\t<p class=\"e-paragraph-base\" data-interaction-id=\"65fdb92\"  >\n\t\t\t\t\t\t\t\t<strong id=\"e-mo9eb73w-j3s75to\">S\u00edndrome Metab\u00f3lico:<\/strong> Mejora de la sensibilidad a la insulina y del procesamiento energ\u00e9tico.<br><strong id=\"e-mo9eb73w-bbo2gzd\">Apoyo para el h\u00edgado graso:<\/strong> Mejora de la desintoxicaci\u00f3n y de la salud del tejido hep\u00e1tico.<br><strong id=\"e-mo9eb73w-yn12np2\">Fatiga Cr\u00f3nica:<\/strong> Abordamos las ra\u00edces metab\u00f3licas de la falta de energ\u00eda.\n\t\t\t\t\t<\/p>\n\t\t\t\t\t\t\t<h2 \n\t\tdata-interaction-id=\"01b7453\" \n\t\tclass=\"e-heading-base\" \n\t\t \n\t\t\n\t>\n\t\n\t\t\t<strong id=\"e-mo9e9jg3-qey35ta\">Vitalidad Intestinal y Digestiva<\/strong>\n\t\t<\/h2>\n\t\t\t\t\t\t\t\t<p class=\"e-paragraph-base\" data-interaction-id=\"25ce42c\"  >\n\t\t\t\t\t\t\t\t<strong id=\"e-mo9eb3va-e6dvvzk\">S\u00edndrome de Intestino Permeable:<\/strong> Reparaci\u00f3n del revestimiento intestinal.<br><strong id=\"e-mo9eb3va-x9hfp8y\">Disbiosis:<\/strong> Restauraci\u00f3n de un microbioma saludable y diverso.<br><strong id=\"e-mo9eb3va-s9xwpbo\">Inflamaci\u00f3n Cr\u00f3nica:<\/strong> Reducci\u00f3n de los desencadenantes sist\u00e9micos a partir del intestino.\n\t\t\t\t\t<\/p>\n\t\t\t\t\t\t\t<h2 \n\t\tdata-interaction-id=\"ccd3143\" \n\t\tclass=\"e-heading-base\" \n\t\t \n\t\t\n\t>\n\t\n\t\t\t<strong id=\"e-mo9eab0n-psys2v8\">Gesti\u00f3n del Estr\u00e9s y Salud Adrenal<\/strong>\n\t\t<\/h2>\n\t\t\t\t\t\t\t\t<p class=\"e-paragraph-base\" data-interaction-id=\"ea24a5b\"  >\n\t\t\t\t\t\t\t\t<strong id=\"e-mo9eaxbl-6llz5te\">Fatiga Adrenal:<\/strong> Restauraci\u00f3n de la capacidad del cuerpo para producir y regular el cortisol.<br><strong id=\"e-mo9eaxbl-ejaggf9\">Recuperaci\u00f3n del Burnout:<\/strong> Apoyo al sistema nervioso y a las reservas de energ\u00eda.<br><strong id=\"e-mo9eaxbl-d11aiwn\">Optimizaci\u00f3n del Sue\u00f1o:<\/strong> Equilibrio de las hormonas que regulan tu ciclo de descanso y recuperaci\u00f3n.\n\t\t\t\t\t<\/p>\n\t\t\t\t\t\t\t<h2 \n\t\tdata-interaction-id=\"8a08562\" \n\t\tclass=\"e-heading-base\" \n\t\t \n\t\t\n\t>\n\t\n\t\t\t<strong id=\"e-mo9ebj0w-eik3cfp\">Salud Renal y Equilibrio de L\u00edquidos<\/strong>\n\t\t<\/h2>\n\t\t\t\t\t\t\t\t<p class=\"e-paragraph-base\" data-interaction-id=\"d72a736\"  >\n\t\t\t\t\t\t\t\t<strong id=\"e-mo9ec4u2-t9u44x5\">Optimizaci\u00f3n de Electrolitos:<\/strong> Garantizar la hidrataci\u00f3n celular y el equilibrio mineral.<br><strong id=\"e-mo9ec4u2-6ajtjrn\">Apoyo Renal:<\/strong> Fomento de una filtraci\u00f3n saludable y la regulaci\u00f3n de la presi\u00f3n arterial.<br>Restauraci\u00f3n de un microbioma saludable y diverso.\n\t\t\t\t\t<\/p>\n\t\t\t\t\t\t\t<h2 \n\t\tdata-interaction-id=\"66b98bb\" \n\t\tclass=\"e-66b98bb-df94d12 e-heading-base\" \n\t\t \n\t\t\n\t>\n\t\n\t\t\tLa movilidad preservada, la armon\u00eda sist\u00e9mica, el flujo vital y el control gen\u00e9tico no son cuatro objetivos aislados. Son el motor sin\u00e9rgico de tu renacimiento.\n\t\t<\/h2>\n\t\t\t\t\t<\/div>\n\t\t\t\t<\/div>\n\t\t\t\t<\/div>","protected":false},"excerpt":{"rendered":"<p>The Foundation of Total Health True vitality isn&#8217;t just the absence of disease; it is the optimal functioning of your body\u2019s internal systems. At New Life Regen Center, our Systemic Wellness pillar focuses on the complex harmony between your organs, metabolism, and immune system. We don\u2019t just treat symptoms\u2014We focus on optimizing your internal biology [&hellip;]<\/p>\n","protected":false},"author":1,"featured_media":0,"parent":0,"menu_order":0,"comment_status":"closed","ping_status":"closed","template":"","meta":{"footnotes":""},"class_list":["post-2103","page","type-page","status-publish","hentry"],"blocksy_meta":[],"_hostinger_reach_plugin_has_subscription_block":false,"_hostinger_reach_plugin_is_elementor":false,"_links":{"self":[{"href":"https:\/\/newliferc.com\/es\/wp-json\/wp\/v2\/pages\/2103","targetHints":{"allow":["GET"]}}],"collection":[{"href":"https:\/\/newliferc.com\/es\/wp-json\/wp\/v2\/pages"}],"about":[{"href":"https:\/\/newliferc.com\/es\/wp-json\/wp\/v2\/types\/page"}],"author":[{"embeddable":true,"href":"https:\/\/newliferc.com\/es\/wp-json\/wp\/v2\/users\/1"}],"replies":[{"embeddable":true,"href":"https:\/\/newliferc.com\/es\/wp-json\/wp\/v2\/comments?post=2103"}],"version-history":[{"count":19,"href":"https:\/\/newliferc.com\/es\/wp-json\/wp\/v2\/pages\/2103\/revisions"}],"predecessor-version":[{"id":2152,"href":"https:\/\/newliferc.com\/es\/wp-json\/wp\/v2\/pages\/2103\/revisions\/2152"}],"wp:attachment":[{"href":"https:\/\/newliferc.com\/es\/wp-json\/wp\/v2\/media?parent=2103"}],"curies":[{"name":"wp","href":"https:\/\/api.w.org\/{rel}","templated":true}]}}