{"id":2123,"date":"2026-04-21T20:19:15","date_gmt":"2026-04-22T02:19:15","guid":{"rendered":"https:\/\/newliferc.com\/?page_id=2123"},"modified":"2026-04-23T11:55:33","modified_gmt":"2026-04-23T17:55:33","slug":"vascular-and-hormonal-wellness","status":"publish","type":"page","link":"https:\/\/newliferc.com\/es\/vascular-and-hormonal-wellness\/","title":{"rendered":"Bienestar Vascular y Hormonal"},"content":{"rendered":"<div data-elementor-type=\"wp-page\" data-elementor-id=\"2123\" class=\"elementor elementor-2123\">\n\t\t\t\t<div class=\"elementor-element elementor-element-8836c66 e-flex e-con-boxed e-con e-parent\" data-id=\"8836c66\" data-element_type=\"container\" data-e-type=\"container\">\n\t\t\t\t\t<div class=\"e-con-inner\">\n\t\t<div class=\"elementor-element elementor-element-7c1f90f e-con-full e-flex e-con e-child\" data-id=\"7c1f90f\" data-element_type=\"container\" data-e-type=\"container\">\n\t\t\t\t\t\t\t<h2 \n\t\tdata-interaction-id=\"67b88bc\" \n\t\tclass=\"e-67b88bc-d7cb1af e-heading-base\" \n\t\t \n\t\t\n\t>\n\t\n\t\t\t<strong id=\"e-mo9yprx1-i07zyz8\">El Flujo de la Vitalidad:<\/strong>\n\t\t<\/h2>\n\t\t\t\t\t\t\t\t<p class=\"e-f651d3e-ae5c16f e-paragraph-base\" data-interaction-id=\"f651d3e\"  >\n\t\t\t\t\t\t\t\tTu salud es tan s\u00f3lida como lo sean tu circulaci\u00f3n y tu equilibrio qu\u00edmico.<br><br>En <strong id=\"e-mobs8219-6vg0qx9\">New Life Regen Center<\/strong>, the Vascular and Hormonal Wellness pillar is designed to optimize the two most critical transport systems in your body. <br>We ensure that nutrients and oxygen reach every cell, while your hormones communicate perfect health, mood, and energy throughout your system.\n\t\t\t\t\t<\/p>\n\t\t\t\t<\/div>\n\t\t<div class=\"elementor-element elementor-element-6f18d11 e-con-full e-flex e-con e-child\" data-id=\"6f18d11\" data-element_type=\"container\" data-e-type=\"container\">\n\t\t\t\t\t\t\t\n\t\t<img class=\"e-image-base\" \n\t\t\t\t\tdata-interaction-id=\"6fcb48d\" \n\t\t \n\t\t \n\t\t\t\t\t\t\t\t\tid=\"2127\"\n\t\t\t\t\t\t\t\t\t\t\t\tsrc=\"https:\/\/newliferc.com\/wp-content\/uploads\/2026\/04\/Diseno-sin-titulo-33.webp\"\n\t\t\t\t\t\t\t\t\t\t\t\twidth=\"1662\"\n\t\t\t\t\t\t\t\t\t\t\t\theight=\"1536\"\n\t\t\t\t\t\t\t\t\t\t\t\tsrcset=\"https:\/\/newliferc.com\/wp-content\/uploads\/2026\/04\/Diseno-sin-titulo-33.webp 1662w, https:\/\/newliferc.com\/wp-content\/uploads\/2026\/04\/Diseno-sin-titulo-33-300x277.webp 300w, https:\/\/newliferc.com\/wp-content\/uploads\/2026\/04\/Diseno-sin-titulo-33-1024x946.webp 1024w, https:\/\/newliferc.com\/wp-content\/uploads\/2026\/04\/Diseno-sin-titulo-33-768x710.webp 768w, https:\/\/newliferc.com\/wp-content\/uploads\/2026\/04\/Diseno-sin-titulo-33-1536x1420.webp 1536w, https:\/\/newliferc.com\/wp-content\/uploads\/2026\/04\/Diseno-sin-titulo-33-13x12.webp 13w\"\n\t\t\t\t\t\t\t\t\t\t\t\talt=\"\"\n\t\t\t\t\t\t\/>\n\t\t\t\t\t<\/div>\n\t\t\t\t\t<\/div>\n\t\t\t\t<\/div>\n\t\t<div class=\"elementor-element elementor-element-3f19a48 e-flex e-con-boxed e-con e-parent\" data-id=\"3f19a48\" data-element_type=\"container\" data-e-type=\"container\">\n\t\t\t\t\t<div class=\"e-con-inner\">\n\t\t\t\t\t\t\t<h2 \n\t\tdata-interaction-id=\"22e2aca\" \n\t\tclass=\"e-22e2aca-bf509b9 e-heading-base\" \n\t\t \n\t\t\n\t>\n\t\n\t\t\t<strong id=\"e-mo9yv2ey-cn4lveh\">Bienestar Vascular y Hormonal<br><br>Los Motores de la Energ\u00eda y la Reparaci\u00f3n:<\/strong>\n\t\t<\/h2>\n\t\t\t\t\t<\/div>\n\t\t\t\t<\/div>\n\t\t<div class=\"elementor-element elementor-element-7a642796 e-flex e-con-boxed e-con e-parent\" data-id=\"7a642796\" data-element_type=\"container\" data-e-type=\"container\">\n\t\t\t\t\t<div class=\"e-con-inner\">\n\t\t\t\t\t\t\t\t<p class=\"e-1499862-62b15b2 e-paragraph-base\" data-interaction-id=\"1499862\"  >\n\t\t\t\t\t\t\t\tPiensa en tus vasos sangu\u00edneos como las autopistas y en tus hormonas como los controladores del tr\u00e1fico.\n\nCuando estos se ven comprometidos, todo se ralentiza: desde tu funci\u00f3n cerebral hasta la capacidad de tu cuerpo para sanar. He aqu\u00ed por qu\u00e9 este pilar es esencial:\n\t\t\t\t\t<\/p>\n\t\t\t\t\t\t\t\t<p class=\"e-paragraph-base\" data-interaction-id=\"33c9768\"  >\n\t\t\t\t\t\t\t\t<strong id=\"e-mo9yweo2-gysmmtu\">Distribuci\u00f3n de Nutrientes:<\/strong> Una circulaci\u00f3n optimizada garantiza que cada \u00f3rgano reciba el ox\u00edgeno y las materias primas que necesita para prosperar y regenerarse.<br><strong id=\"e-mo9yweo2-ymq10un\">Armon\u00eda Qu\u00edmica:<\/strong> Las hormonas rigen tu metabolismo, estado de \u00e1nimo, sue\u00f1o y libido. Las restauramos a sus niveles \u00f3ptimos para que vuelvas a sentirte t\u00fa mismo.<br><strong id=\"e-mo9yweo2-agg33iz\">Salud Endotelial:<\/strong> El revestimiento de tus vasos sangu\u00edneos es un \u00f3rgano vital por derecho propio. Mantenerlo sano previene problemas cardiovasculares a largo plazo y potencia tu vitalidad general.<br><strong id=\"e-mo9yweo2-3spfou4\">Agudeza Cognitiva:<\/strong> Un flujo sangu\u00edneo adecuado y un equilibrio hormonal \u00f3ptimo son fundamentales para eliminar la neblina mental y mantener la concentraci\u00f3n a medida que pasan los a\u00f1os.\n\t\t\t\t\t<\/p>\n\t\t\t\t\t<\/div>\n\t\t\t\t<\/div>\n\t\t<div class=\"elementor-element elementor-element-fb6724d e-flex e-con-boxed e-con e-parent\" data-id=\"fb6724d\" data-element_type=\"container\" data-e-type=\"container\">\n\t\t\t\t\t<div class=\"e-con-inner\">\n\t\t\t\t\t\t\t<h2 \n\t\tdata-interaction-id=\"f4d61e3\" \n\t\tclass=\"e-f4d61e3-67dcd51 e-heading-base\" \n\t\t \n\t\t\n\t>\n\t\n\t\t\t<strong id=\"e-mo9yyrjo-m2f2l2j\">Nuestro Enfoque<br><br>Bio-Optimizaci\u00f3n de Precisi\u00f3n<\/strong>\n\t\t<\/h2>\n\t\t\t\t\t\t\t\t<p class=\"e-14044d9-5ca46b4 e-paragraph-base\" data-interaction-id=\"14044d9\"  >\n\t\t\t\t\t\t\t\tNo utilizamos soluciones gen\u00e9ricas de \u00abantienvejecimiento\u00bb. Empleamos medicina de precisi\u00f3n para equilibrar tu entorno interno.\n\t\t\t\t\t<\/p>\n\t\t\t\t\t\t\t\t<p class=\"e-99f3ed6-a063895 e-paragraph-base\" data-interaction-id=\"99f3ed6\"  >\n\t\t\t\t\t\t\t\t1. Mapeo Cardiovascular y Endocrino Avanzado<br>Utilizamos pruebas de alta sensibilidad para evaluar tu elasticidad vascular y realizamos los paneles hormonales m\u00e1s exhaustivos disponibles. Nuestro est\u00e1ndar no es el rango \u00abnormal\u00bb<br><br>2. Terapia de Reemplazo Hormonal Bioid\u00e9ntica (BHRT)<br>Utilizamos hormonas que son molecularmente id\u00e9nticas a las que tu cuerpo produce. Este enfoque natural nos permite restaurar el equilibrio de manera segura, potenciando tu energ\u00eda, masa muscular y claridad mental<br><br>3. Terapias IV Vasculares<br>Utilizamos protocolos intravenosos especializados dise\u00f1ados para mejorar la producci\u00f3n de \u00f3xido n\u00edtrico, reducir la inflamaci\u00f3n arterial y optimizar el suministro de ox\u00edgeno a tus tejidos y al cerebro.<br><br>4. Integraci\u00f3n de Estilo de Vida y Nutrientes<br>Complementamos los tratamientos m\u00e9dicos con \"bionutrientes\" espec\u00edficos y h\u00e1bitos de vida que respaldan la salud vascular y la estabilidad hormonal a largo plazo.\n\t\t\t\t\t<\/p>\n\t\t\t\t\t<\/div>\n\t\t\t\t<\/div>\n\t\t<div class=\"elementor-element elementor-element-88a7c79 e-flex e-con-boxed e-con e-parent\" data-id=\"88a7c79\" data-element_type=\"container\" data-e-type=\"container\">\n\t\t\t\t\t<div class=\"e-con-inner\">\n\t\t\t\t\t\t\t<h2 \n\t\tdata-interaction-id=\"e309c69\" \n\t\tclass=\"e-e309c69-9422032 e-heading-base\" \n\t\t \n\t\t\n\t>\n\t\n\t\t\t<strong id=\"e-mo9z3ezn-ki9bbt8\">Condiciones que Tratamos<br><br>Restaurando el Equilibrio Interno<\/strong>\n\t\t<\/h2>\n\t\t\t\t\t\t\t\t<p class=\"e-566ec75-d403bcb e-paragraph-base\" data-interaction-id=\"566ec75\"  >\n\t\t\t\t\t\t\t\tNuestros protocolos se enfocan en los problemas fundamentales que a menudo se pasan por alto en la medicina tradicional:\n\t\t\t\t\t<\/p>\n\t\t\t\t\t<\/div>\n\t\t\t\t<\/div>\n\t\t<div class=\"elementor-element elementor-element-2c5997f e-flex e-con-boxed e-con e-parent\" data-id=\"2c5997f\" data-element_type=\"container\" data-e-type=\"container\">\n\t\t\t\t\t<div class=\"e-con-inner\">\n\t\t\t\t\t\t\t<h2 \n\t\tdata-interaction-id=\"a9cd3dc\" \n\t\tclass=\"e-heading-base\" \n\t\t \n\t\t\n\t>\n\t\n\t\t\t<strong id=\"e-mo9z6q17-fedwx17\">Salud Vascular&nbsp;<\/strong>\n\t\t<\/h2>\n\t\t\t\t\t\t\t\t<p class=\"e-paragraph-base\" data-interaction-id=\"4661d5a\"  >\n\t\t\t\t\t\t\t\t<strong id=\"e-mo9z73pa-o56g5vj\">Circulaci\u00f3n Deficiente:<\/strong> Mejorar el flujo sangu\u00edneo hacia las extremidades y los \u00f3rganos vitales.<br><strong id=\"e-mo9z73pa-e4duwuf\">Disfunci\u00f3n Endotelial:<\/strong> Respaldar la salud del revestimiento de los vasos sangu\u00edneos.<br><strong id=\"e-mo9z73pa-kfnlhx0\">Inflamaci\u00f3n Cr\u00f3nica:<\/strong> Reducir los marcadores vasculares sist\u00e9micos que conducen a enfermedades.\n\t\t\t\t\t<\/p>\n\t\t\t\t\t\t\t<h2 \n\t\tdata-interaction-id=\"4ac2370\" \n\t\tclass=\"e-heading-base\" \n\t\t \n\t\t\n\t>\n\t\n\t\t\t<strong id=\"e-mo9z7die-tvnb9ht\">Equilibrio Hormonal<\/strong>\n\t\t<\/h2>\n\t\t\t\t\t\t\t\t<p class=\"e-paragraph-base\" data-interaction-id=\"ff7d9ed\"  >\n\t\t\t\t\t\t\t\t<strong id=\"e-mo9z85ae-0k4zf7z\">Andropausia y Menopausia:<\/strong> Equilibrar la testosterona, el estr\u00f3geno y la progesterona para la vitalidad.<br><strong id=\"e-mo9z85ae-kbce659\">Optimizaci\u00f3n Tiroidea:<\/strong> Abordar la \"gl\u00e1ndula maestra\" para optimizar el metabolismo y la energ\u00eda.<br><strong id=\"e-mo9z85ae-h6tlc7b\">Soporte de Factores de Crecimiento:<\/strong> Utilizar se\u00f1ales regenerativas para mantener la juventud de los tejidos.<br><strong id=\"e-mo9z85ae-mxm0acr\">Desequilibrio Adrenal:<\/strong> Corregir los niveles de cortisol para combatir el estr\u00e9s y la fatiga cr\u00f3nica.\n\t\t\t\t\t<\/p>\n\t\t\t\t\t\t\t<h2 \n\t\tdata-interaction-id=\"3cd4795\" \n\t\tclass=\"e-heading-base\" \n\t\t \n\t\t\n\t>\n\t\n\t\t\t<strong id=\"e-mo9z8g8y-hykwkxv\">Vitalidad y Rendimiento<\/strong>\n\t\t<\/h2>\n\t\t\t\t\t\t\t\t<p class=\"e-paragraph-base\" data-interaction-id=\"be472bb\"  >\n\t\t\t\t\t\t\t\t<strong id=\"e-mo9z8wbr-889ehf0\">Neblina Mental:<\/strong> Restaurar la base qu\u00edmica y vascular para la claridad mental.<br><strong id=\"e-mo9z8wbr-s7wgrtg\">Baja Libido:<\/strong> Abordar las ra\u00edces hormonales y circulatorias de la salud sexual.\n\t\t\t\t\t<\/p>\n\t\t\t\t\t\t\t<h2 \n\t\tdata-interaction-id=\"edcea85\" \n\t\tclass=\"e-edcea85-29ac0af e-heading-base\" \n\t\t \n\t\t\n\t>\n\t\n\t\t\tAl fusionar la fuerza estructural de la Preservaci\u00f3n Articular, el equilibrio interno del Bienestar Sist\u00e9mico, la comunicaci\u00f3n perfeccionada del Flujo Vascular y Hormonal y la resiliencia proactiva de la Longevidad y el Biohacking, no solo tratamos padecimientos.\n\nRedise\u00f1amos la vitalidad humana al nivel m\u00e1s profundo posible.\n\t\t<\/h2>\n\t\t\t\t\t<\/div>\n\t\t\t\t<\/div>\n\t\t\t\t<\/div>","protected":false},"excerpt":{"rendered":"<p>The Flow of Vitality Your health is only as good as your circulation and your chemical balance. At New Life Regen Center, the Vascular and Hormonal Wellness pillar is designed to optimize the two most critical transport systems in your body. We ensure that nutrients and oxygen reach every cell, while your hormones communicate perfect [&hellip;]<\/p>\n","protected":false},"author":1,"featured_media":0,"parent":0,"menu_order":0,"comment_status":"closed","ping_status":"closed","template":"","meta":{"footnotes":""},"class_list":["post-2123","page","type-page","status-publish","hentry"],"blocksy_meta":[],"_hostinger_reach_plugin_has_subscription_block":false,"_hostinger_reach_plugin_is_elementor":false,"_links":{"self":[{"href":"https:\/\/newliferc.com\/es\/wp-json\/wp\/v2\/pages\/2123","targetHints":{"allow":["GET"]}}],"collection":[{"href":"https:\/\/newliferc.com\/es\/wp-json\/wp\/v2\/pages"}],"about":[{"href":"https:\/\/newliferc.com\/es\/wp-json\/wp\/v2\/types\/page"}],"author":[{"embeddable":true,"href":"https:\/\/newliferc.com\/es\/wp-json\/wp\/v2\/users\/1"}],"replies":[{"embeddable":true,"href":"https:\/\/newliferc.com\/es\/wp-json\/wp\/v2\/comments?post=2123"}],"version-history":[{"count":7,"href":"https:\/\/newliferc.com\/es\/wp-json\/wp\/v2\/pages\/2123\/revisions"}],"predecessor-version":[{"id":2234,"href":"https:\/\/newliferc.com\/es\/wp-json\/wp\/v2\/pages\/2123\/revisions\/2234"}],"wp:attachment":[{"href":"https:\/\/newliferc.com\/es\/wp-json\/wp\/v2\/media?parent=2123"}],"curies":[{"name":"wp","href":"https:\/\/api.w.org\/{rel}","templated":true}]}}