{"id":2131,"date":"2026-04-22T05:40:32","date_gmt":"2026-04-22T11:40:32","guid":{"rendered":"https:\/\/newliferc.com\/?page_id=2131"},"modified":"2026-04-22T05:57:59","modified_gmt":"2026-04-22T11:57:59","slug":"longevity-and-biohacking","status":"publish","type":"page","link":"https:\/\/newliferc.com\/es\/longevity-and-biohacking\/","title":{"rendered":"Longevidad y Biohacking"},"content":{"rendered":"<div data-elementor-type=\"wp-page\" data-elementor-id=\"2131\" class=\"elementor elementor-2131\">\n\t\t\t\t<div class=\"elementor-element elementor-element-60d2863 e-flex e-con-boxed e-con e-parent\" data-id=\"60d2863\" data-element_type=\"container\" data-e-type=\"container\">\n\t\t\t\t\t<div class=\"e-con-inner\">\n\t\t<div class=\"elementor-element elementor-element-5a8b2d3 e-con-full e-flex e-con e-child\" data-id=\"5a8b2d3\" data-element_type=\"container\" data-e-type=\"container\">\n\t\t\t\t\t\t\t<h2 \n\t\tdata-interaction-id=\"458d37a\" \n\t\tclass=\"e-458d37a-7ebf714 e-heading-base\" \n\t\t \n\t\t\n\t>\n\t\n\t\t\t<strong id=\"e-mo9zkyby-qu2xouv\">Ingenier\u00eda del Futuro de Tu Salud<\/strong>\n\t\t<\/h2>\n\t\t\t\t\t\t\t\t<p class=\"e-8b8deef-4c21679 e-paragraph-base\" data-interaction-id=\"8b8deef\"  >\n\t\t\t\t\t\t\t\tEl envejecimiento ya no se percibe como un declive inevitable, sino como un proceso biol\u00f3gico que puede ser medido, gestionado y optimizado.<br><br>En <strong id=\"e-mo9zmjbj-ssy8fty\">New Life Regen Center<\/strong>, nuestro pilar de Longevidad y Biohacking combina la ciencia del envejecimiento m\u00e1s avanzada con intervenciones de precisi\u00f3n. <br><br>No solo queremos a\u00f1adir a\u00f1os a tu vida; queremos a\u00f1adir vitalidad m\u00e1xima a cada uno de esos a\u00f1os.\n\nBienvenido a la era del \"Humano de Alto Rendimiento\"\n\t\t\t\t\t<\/p>\n\t\t\t\t<\/div>\n\t\t<div class=\"elementor-element elementor-element-68e8a71 e-con-full e-flex e-con e-child\" data-id=\"68e8a71\" data-element_type=\"container\" data-e-type=\"container\">\n\t\t\t\t\t\t\t\n\t\t<img class=\"e-image-base\" \n\t\t\t\t\tdata-interaction-id=\"1c8dd3a\" \n\t\t \n\t\t \n\t\t\t\t\t\t\t\t\tid=\"2133\"\n\t\t\t\t\t\t\t\t\t\t\t\tsrc=\"https:\/\/newliferc.com\/wp-content\/uploads\/2026\/04\/Diseno-sin-titulo-34.webp\"\n\t\t\t\t\t\t\t\t\t\t\t\twidth=\"1652\"\n\t\t\t\t\t\t\t\t\t\t\t\theight=\"1536\"\n\t\t\t\t\t\t\t\t\t\t\t\tsrcset=\"https:\/\/newliferc.com\/wp-content\/uploads\/2026\/04\/Diseno-sin-titulo-34.webp 1652w, https:\/\/newliferc.com\/wp-content\/uploads\/2026\/04\/Diseno-sin-titulo-34-300x279.webp 300w, https:\/\/newliferc.com\/wp-content\/uploads\/2026\/04\/Diseno-sin-titulo-34-1024x952.webp 1024w, https:\/\/newliferc.com\/wp-content\/uploads\/2026\/04\/Diseno-sin-titulo-34-768x714.webp 768w, https:\/\/newliferc.com\/wp-content\/uploads\/2026\/04\/Diseno-sin-titulo-34-1536x1428.webp 1536w, https:\/\/newliferc.com\/wp-content\/uploads\/2026\/04\/Diseno-sin-titulo-34-13x12.webp 13w\"\n\t\t\t\t\t\t\t\t\t\t\t\talt=\"\"\n\t\t\t\t\t\t\/>\n\t\t\t\t\t<\/div>\n\t\t\t\t\t<\/div>\n\t\t\t\t<\/div>\n\t\t<div class=\"elementor-element elementor-element-1c2b7ce e-flex e-con-boxed e-con e-parent\" data-id=\"1c2b7ce\" data-element_type=\"container\" data-e-type=\"container\">\n\t\t\t\t\t<div class=\"e-con-inner\">\n\t\t\t\t\t\t\t<h2 \n\t\tdata-interaction-id=\"eccb08d\" \n\t\tclass=\"e-eccb08d-38a155b e-heading-base\" \n\t\t \n\t\t\n\t>\n\t\n\t\t\t<strong id=\"e-mo9zoe2p-kjs938n\">\u00bfPor qu\u00e9 Longevidad y Biohacking?<\/strong><br><br><strong id=\"e-mo9zoe2p-yup8nh3\">Toma el control de tu destino biol\u00f3gico.<\/strong>\n\t\t<\/h2>\n\t\t\t\t\t\t\t\t<p class=\"e-dc4ceaf-72a053e e-paragraph-base\" data-interaction-id=\"dc4ceaf\"  >\n\t\t\t\t\t\t\t\tLa medicina tradicional reacciona ante la enfermedad una vez que aparece. El biohacking act\u00faa antes de que ocurra el deterioro. Al optimizar tu salud a nivel celular y gen\u00e9tico, te ayudamos a mantenerte en tu \"plenitud\" durante d\u00e9cadas m\u00e1s. <br><br>He aqu\u00ed por qu\u00e9 este enfoque es la inversi\u00f3n definitiva:\n\t\t\t\t\t<\/p>\n\t\t\t\t\t\t\t\t<p class=\"e-paragraph-base\" data-interaction-id=\"8450ce4\"  >\n\t\t\t\t\t\t\t\t<strong id=\"e-mo9zr4wu-gx1ont7\">Extensi\u00f3n de la Vida Saludable (Healthspan):<\/strong> Nuestro enfoque se centra en: <em id=\"e-mo9zr4wu-o1lx2cd\">Vida Saludable (Healthspan):<\/em>\u2014el periodo de vida transcurrido en un estado de bienestar total e independencia, libre de enfermedades cr\u00f3nicas.<br><strong id=\"e-mo9zr4wu-u5juplu\">Resiliencia Celular:<\/strong> Fortalecemos la capacidad de tus c\u00e9lulas para repararse a s\u00ed mismas, haciendo que tu cuerpo sea m\u00e1s resistente al estr\u00e9s, las toxinas y el paso del tiempo.<br><strong id=\"e-mo9zr4wu-gbusqr0\">Protecci\u00f3n del ADN:<\/strong> Al enfocarnos en los tel\u00f3meros y los marcadores epigen\u00e9ticos, ayudamos a proteger el plano fundamental de tu vida contra el desgaste del envejecimiento.<br><strong id=\"e-mo9zr4wu-cr4sohu\">Rendimiento M\u00e1ximo:<\/strong> El biohacking no es solo para el futuro; es para el ahora. Se trata de alcanzar niveles de energ\u00eda, concentraci\u00f3n y fuerza f\u00edsica que no cre\u00edas posibles.\n\t\t\t\t\t<\/p>\n\t\t\t\t\t<\/div>\n\t\t\t\t<\/div>\n\t\t<div class=\"elementor-element elementor-element-1befdf5 e-flex e-con-boxed e-con e-parent\" data-id=\"1befdf5\" data-element_type=\"container\" data-e-type=\"container\">\n\t\t\t\t\t<div class=\"e-con-inner\">\n\t\t\t\t\t\t\t<h2 \n\t\tdata-interaction-id=\"2d79ceb\" \n\t\tclass=\"e-2d79ceb-1b47788 e-heading-base\" \n\t\t \n\t\t\n\t>\n\t\n\t\t\t<strong id=\"e-mo9zscks-vf3oces\">Nuestro Enfoque<\/strong><br><br><strong id=\"e-mo9zscks-ruwn1n7\">Hackeando el C\u00f3digo de la Vida<\/strong>\n\t\t<\/h2>\n\t\t\t\t\t\t\t\t<p class=\"e-fdc670f-fcf85c1 e-paragraph-base\" data-interaction-id=\"fdc670f\"  >\n\t\t\t\t\t\t\t\tUtilizamos una metodolog\u00eda \"impulsada por datos\" para identificar exactamente en qu\u00e9 puntos est\u00e1 envejeciendo tu cuerpo y c\u00f3mo revertirlo.\n\t\t\t\t\t<\/p>\n\t\t\t\t\t\t\t\t<p class=\"e-be22c51-8a2c32b e-paragraph-base\" data-interaction-id=\"be22c51\"  >\n\t\t\t\t\t\t\t\t1. Mapeo Epigen\u00e9tico y de Longevidad<br>Analizamos tu edad biol\u00f3gica, no la cronol\u00f3gica. A trav\u00e9s de pruebas avanzadas de longitud de tel\u00f3meros y relojes epigen\u00e9ticos, identificamos qu\u00e9 tan r\u00e1pido est\u00e1s envejeciendo y qu\u00e9 factores de tu estilo de vida est\u00e1n impactando la expresi\u00f3n de tu ADN.<br><br>2. Mitohacking (Optimizaci\u00f3n Mitocondrial)<br>Tus mitocondrias son las centrales el\u00e9ctricas de tus c\u00e9lulas. Utilizamos precursores especializados (como el NAD+), terapias l\u00e1ser y protocolos de nutrientes para restaurar la densidad y funci\u00f3n mitocondrial, otorg\u00e1ndote la energ\u00eda de alguien d\u00e9cadas m\u00e1s joven.<br><br>3. Terapias Senol\u00edticas y Regenerativas<br>Utilizamos protocolos de precisi\u00f3n para ayudar al cuerpo a depurar las \"c\u00e9lulas zombi\" (c\u00e9lulas senescentes) que causan inflamaci\u00f3n sist\u00e9mica y envejecimiento. Posteriormente, reemplazamos ese entorno con se\u00f1ales regenerativas para promover el crecimiento de tejido nuevo.<br><br>4. Bio-Protocolos de Precisi\u00f3n<br>Bas\u00e1ndonos en tus datos exclusivos, dise\u00f1amos un \"Blueprint de Biohacking\" que incluye nutrici\u00f3n personalizada, suplementaci\u00f3n, estr\u00e9s t\u00e9rmico (sauna\/fr\u00edo) y optimizaci\u00f3n del sue\u00f1o para mantener tus sistemas biol\u00f3gicos funcionando a su m\u00e1xima eficiencia.\n\t\t\t\t\t<\/p>\n\t\t\t\t\t<\/div>\n\t\t\t\t<\/div>\n\t\t<div class=\"elementor-element elementor-element-a5714ce e-flex e-con-boxed e-con e-parent\" data-id=\"a5714ce\" data-element_type=\"container\" data-e-type=\"container\">\n\t\t\t\t\t<div class=\"e-con-inner\">\n\t\t\t\t\t\t\t<h2 \n\t\tdata-interaction-id=\"eed73e6\" \n\t\tclass=\"e-eed73e6-14a3bdf e-heading-base\" \n\t\t \n\t\t\n\t>\n\t\n\t\t\t<strong id=\"e-mo9zwqjh-nqsgbq3\">\u00c1reas de Optimizaci\u00f3n<br><br>M\u00e1s all\u00e1 de los l\u00edmites convencionales<\/strong>\n\t\t<\/h2>\n\t\t\t\t\t\t\t\t<p class=\"e-292ee9b-b688dc3 e-paragraph-base\" data-interaction-id=\"292ee9b\"  >\n\t\t\t\t\t\t\t\tNuestros protocolos de Longevidad y Biohacking est\u00e1n dise\u00f1ados para optimizar los impulsores fundamentales del envejecimiento humano:\n\t\t\t\t\t<\/p>\n\t\t\t\t\t\t\t\t<p class=\"e-6256ee2-f7b9498 e-paragraph-base\" data-interaction-id=\"6256ee2\"  >\n\t\t\t\t\t\t\t\t<strong id=\"e-mo9zyb33-q2231kn\">Integridad Celular y Apoyo Telom\u00e9rico<\/strong> Protecci\u00f3n de los \"capuchones\" de tus cromosomas para ralentizar el envejecimiento celular.<br><br><strong id=\"e-mo9zyb33-1pednsb\">Modificaci\u00f3n Epigen\u00e9tica:<\/strong> Utilizar el estilo de vida y la nutrici\u00f3n para \"activar\" los genes de la longevidad y \"desactivar\" los genes vinculados a las enfermedades.<br><br><strong id=\"e-mo9zyb33-mgfqd0a\">Reparaci\u00f3n del ADN:<\/strong> Potenciamos los mecanismos naturales de tu cuerpo para corregir errores gen\u00e9ticos.<br><br><strong id=\"e-mo9zyb33-huvibpy\">Rendimiento Metab\u00f3lico y Energ\u00e9tico: Salud Mitocondrial<\/strong> Revirtiendo el declive energ\u00e9tico asociado al envejecimiento.<br><br><strong id=\"e-mo9zyb33-dxcjxku\">Restauraci\u00f3n de NAD+:<\/strong> Potenciamos la coenzima esencial para la reparaci\u00f3n del ADN y la energ\u00eda celular.<br><br><strong id=\"e-mo9zyb33-kyxhdyk\">Sensibilidad a la Insulina:<\/strong> Optimizamos la manera en que tu cuerpo procesa el combustible para prevenir el envejecimiento metab\u00f3lico.<br><br><strong id=\"e-mo9zyb33-i6l0idg\">Control del Inflammaging (Reversi\u00f3n Sist\u00e9mica del Envejecimiento)<\/strong> Reducci\u00f3n de la inflamaci\u00f3n cr\u00f3nica de bajo grado que impulsa casi todas las enfermedades relacionadas con la edad.<br><br><strong id=\"e-mo9zyb33-q4ismob\">Inducci\u00f3n de la Autofagia:<\/strong> Promovemos el sistema de \"autolimpieza\" natural del cuerpo para eliminar y reciclar componentes celulares da\u00f1ados.\n\t\t\t\t\t<\/p>\n\t\t\t\t\t\t\t<h2 \n\t\tdata-interaction-id=\"50770f1\" \n\t\tclass=\"e-50770f1-42472db e-heading-base\" \n\t\t \n\t\t\n\t>\n\t\n\t\t\tEsta convergencia de ciencia y precisi\u00f3n crea una transformaci\u00f3n imparable. Es la recuperaci\u00f3n absoluta de tu biolog\u00eda, trasladando tu vida de un estado de supervivencia reactiva a uno de evoluci\u00f3n duradera y alto rendimiento. <br>Bienvenido a tu Nueva Vida (New Life)\n\t\t<\/h2>\n\t\t\t\t\t<\/div>\n\t\t\t\t<\/div>\n\t\t\t\t<\/div>","protected":false},"excerpt":{"rendered":"<p>Engineering the Future of Your Health Aging is no longer seen as an inevitable decline, but as a biological process that can be measured, managed, and optimized. At New Life Regen Center, our Longevity and Biohacking pillar combines the most advanced aging science with precision interventions. We don\u2019t just want to add years to your [&hellip;]<\/p>\n","protected":false},"author":1,"featured_media":0,"parent":0,"menu_order":0,"comment_status":"closed","ping_status":"closed","template":"","meta":{"footnotes":""},"class_list":["post-2131","page","type-page","status-publish","hentry"],"blocksy_meta":[],"_hostinger_reach_plugin_has_subscription_block":false,"_hostinger_reach_plugin_is_elementor":false,"_links":{"self":[{"href":"https:\/\/newliferc.com\/es\/wp-json\/wp\/v2\/pages\/2131","targetHints":{"allow":["GET"]}}],"collection":[{"href":"https:\/\/newliferc.com\/es\/wp-json\/wp\/v2\/pages"}],"about":[{"href":"https:\/\/newliferc.com\/es\/wp-json\/wp\/v2\/types\/page"}],"author":[{"embeddable":true,"href":"https:\/\/newliferc.com\/es\/wp-json\/wp\/v2\/users\/1"}],"replies":[{"embeddable":true,"href":"https:\/\/newliferc.com\/es\/wp-json\/wp\/v2\/comments?post=2131"}],"version-history":[{"count":10,"href":"https:\/\/newliferc.com\/es\/wp-json\/wp\/v2\/pages\/2131\/revisions"}],"predecessor-version":[{"id":2142,"href":"https:\/\/newliferc.com\/es\/wp-json\/wp\/v2\/pages\/2131\/revisions\/2142"}],"wp:attachment":[{"href":"https:\/\/newliferc.com\/es\/wp-json\/wp\/v2\/media?parent=2131"}],"curies":[{"name":"wp","href":"https:\/\/api.w.org\/{rel}","templated":true}]}}