{"id":2143,"date":"2026-04-22T06:11:57","date_gmt":"2026-04-22T12:11:57","guid":{"rendered":"https:\/\/newliferc.com\/?page_id=2143"},"modified":"2026-04-24T00:12:56","modified_gmt":"2026-04-24T06:12:56","slug":"treatments","status":"publish","type":"page","link":"https:\/\/newliferc.com\/es\/treatments\/","title":{"rendered":"Tratamientos"},"content":{"rendered":"<div data-elementor-type=\"wp-page\" data-elementor-id=\"2143\" class=\"elementor elementor-2143\">\n\t\t\t\t<div class=\"elementor-element elementor-element-5f16afb e-flex e-con-boxed e-con e-parent\" data-id=\"5f16afb\" data-element_type=\"container\" data-e-type=\"container\">\n\t\t\t\t\t<div class=\"e-con-inner\">\n\t\t<div class=\"elementor-element elementor-element-1bd736f e-con-full e-flex e-con e-child\" data-id=\"1bd736f\" data-element_type=\"container\" data-e-type=\"container\">\n\t\t\t\t\t\t\t<h2 \n\t\tdata-interaction-id=\"514c6b4\" \n\t\tclass=\"e-514c6b4-14f6111 e-heading-base\" \n\t\t \n\t\t\n\t>\n\t\n\t\t\tPilares de la regeneraci\u00f3n\n\t\t<\/h2>\n\t\t\t\t\t\t\t\t<p class=\"e-18498c4-5f75332 e-paragraph-base\" data-interaction-id=\"18498c4\"  >\n\t\t\t\t\t\t\t\tEn <strong id=\"e-moad76fx-6unugx8\">New Life Regen Center<\/strong>, redefinimos la salud a trav\u00e9s del prisma del Biohacking y la Medicina Regenerativa.<br> <br>Nuestra metodolog\u00eda se basa en cuatro pilares fundamentales dise\u00f1ados para restaurar, proteger y potenciar tu potencial biol\u00f3gico.\n\t\t\t\t\t<\/p>\n\t\t\t\t<\/div>\n\t\t<div class=\"elementor-element elementor-element-136cb86 e-con-full e-flex e-con e-child\" data-id=\"136cb86\" data-element_type=\"container\" data-e-type=\"container\">\n\t\t\t\t\t\t\t\n\t\t<img class=\"e-image-base\" \n\t\t\t\t\tdata-interaction-id=\"4645f82\" \n\t\t \n\t\t \n\t\t\t\t\t\t\t\t\tid=\"2266\"\n\t\t\t\t\t\t\t\t\t\t\t\tsrc=\"https:\/\/newliferc.com\/wp-content\/uploads\/2026\/04\/Tratamientos.webp\"\n\t\t\t\t\t\t\t\t\t\t\t\twidth=\"2048\"\n\t\t\t\t\t\t\t\t\t\t\t\theight=\"1536\"\n\t\t\t\t\t\t\t\t\t\t\t\tsrcset=\"https:\/\/newliferc.com\/wp-content\/uploads\/2026\/04\/Tratamientos.webp 2390w, https:\/\/newliferc.com\/wp-content\/uploads\/2026\/04\/Tratamientos-300x225.webp 300w, https:\/\/newliferc.com\/wp-content\/uploads\/2026\/04\/Tratamientos-1024x768.webp 1024w, https:\/\/newliferc.com\/wp-content\/uploads\/2026\/04\/Tratamientos-768x576.webp 768w, https:\/\/newliferc.com\/wp-content\/uploads\/2026\/04\/Tratamientos-1536x1152.webp 1536w, https:\/\/newliferc.com\/wp-content\/uploads\/2026\/04\/Tratamientos-2048x1536.webp 2048w, https:\/\/newliferc.com\/wp-content\/uploads\/2026\/04\/Tratamientos-16x12.webp 16w\"\n\t\t\t\t\t\t\t\t\t\t\t\talt=\"\"\n\t\t\t\t\t\t\/>\n\t\t\t\t\t<\/div>\n\t\t\t\t\t<\/div>\n\t\t\t\t<\/div>\n\t\t<div class=\"elementor-element elementor-element-5ad4213 e-flex e-con-boxed e-con e-parent\" data-id=\"5ad4213\" data-element_type=\"container\" data-e-type=\"container\">\n\t\t\t\t\t<div class=\"e-con-inner\">\n\t\t\t\t\t\t\t<h2 \n\t\tdata-interaction-id=\"3fb2a63\" \n\t\tclass=\"e-3fb2a63-e611ebb e-heading-base\" \n\t\t \n\t\t\n\t>\n\t\n\t\t\t1. Preservaci\u00f3n Articular\n\t\t<\/h2>\n\t\t\t\t\t\t\t<h2 \n\t\tdata-interaction-id=\"a0bc70a\" \n\t\tclass=\"e-a0bc70a-8ba914c e-heading-base\" \n\t\t \n\t\t\n\t>\n\t\n\t\t\t<strong id=\"e-moacsh24-spmmdx1\">Recupera tu libertad de movimiento.<\/strong>\n\t\t<\/h2>\n\t\t\t\t\t\t\t\t<p class=\"e-908d883-c9869ea e-paragraph-base\" data-interaction-id=\"908d883\"  >\n\t\t\t\t\t\t\t\tEste pilar se enfoca en detener la degeneraci\u00f3n y regenerar los tejidos musculoesquel\u00e9ticos sin necesidad de cirug\u00eda invasiva.\n\t\t\t\t\t<\/p>\n\t\t\t\t\t\t\t\t<p class=\"e-6ed7586-9bede8a e-paragraph-base\" data-interaction-id=\"6ed7586\"  >\n\t\t\t\t\t\t\t\t<strong id=\"e-moactmsp-ewc81e7\">Terapias Regenerativas:<\/strong> Uso de medicina celular avanzada para reparar cart\u00edlago y tejido conectivo.<br><strong id=\"e-moactmsp-6sl8oli\">Manejo Avanzado del Dolor:<\/strong> Protocolos especializados dise\u00f1ados para eliminar la inflamaci\u00f3n cr\u00f3nica en las articulaciones.<br><strong id=\"e-moactmsp-629orro\">Movilidad Funcional:<\/strong> Tratamientos espec\u00edficos orientados a restaurar la elasticidad y la fuerza de tu estructura corporal.\n\t\t\t\t\t<\/p>\n\t\t\t\t\t<\/div>\n\t\t\t\t<\/div>\n\t\t<div class=\"elementor-element elementor-element-32bbb02 e-flex e-con-boxed e-con e-parent\" data-id=\"32bbb02\" data-element_type=\"container\" data-e-type=\"container\">\n\t\t\t\t\t<div class=\"e-con-inner\">\n\t\t\t\t\t\t\t<h2 \n\t\tdata-interaction-id=\"cf94a46\" \n\t\tclass=\"e-cf94a46-43a5636 e-heading-base\" \n\t\t \n\t\t\n\t>\n\t\n\t\t\tBienestar Sist\u00e9mico\n\t\t<\/h2>\n\t\t\t\t\t\t\t<h2 \n\t\tdata-interaction-id=\"daff148\" \n\t\tclass=\"e-daff148-d4f3f0a e-heading-base\" \n\t\t \n\t\t\n\t>\n\t\n\t\t\tEl equilibrio interno como base de la vitalidad.\n\t\t<\/h2>\n\t\t\t\t\t\t\t\t<p class=\"e-8f8b80b-c5efb38 e-paragraph-base\" data-interaction-id=\"8f8b80b\"  >\n\t\t\t\t\t\t\t\tOptimizamos tu entorno celular y reducimos el estr\u00e9s oxidativo para asegurar que tu cuerpo funcione como un sistema de alto rendimiento.\n\t\t\t\t\t<\/p>\n\t\t\t\t\t\t\t\t<p class=\"e-49379b8-47a9122 e-paragraph-base\" data-interaction-id=\"49379b8\"  >\n\t\t\t\t\t\t\t\t<strong id=\"e-moacxrpy-4kf655o\">Terapia de Nutrientes IV:<\/strong> Mezclas personalizadas de vitaminas, minerales y amino\u00e1cidos para una absorci\u00f3n celular inmediata.<br><strong id=\"e-moacxrpy-pqe088t\">Desintoxicaci\u00f3n Celular:<\/strong> Eliminando toxinas y metales pesados para liberar tu potencial metab\u00f3lico.<br><strong id=\"e-moacxrpy-7xisxkt\">Optimizaci\u00f3n Inmunol\u00f3gica:<\/strong> Fortaleciendo tus defensas naturales a trav\u00e9s de protocolos de medicina regenerativa.\n\t\t\t\t\t<\/p>\n\t\t\t\t\t<\/div>\n\t\t\t\t<\/div>\n\t\t<div class=\"elementor-element elementor-element-abb2c96 e-flex e-con-boxed e-con e-parent\" data-id=\"abb2c96\" data-element_type=\"container\" data-e-type=\"container\">\n\t\t\t\t\t<div class=\"e-con-inner\">\n\t\t\t\t\t\t\t<h2 \n\t\tdata-interaction-id=\"61ff7e0\" \n\t\tclass=\"e-61ff7e0-ed5cd9b e-heading-base\" \n\t\t \n\t\t\n\t>\n\t\n\t\t\tBienestar Vascular y Hormonal\n\t\t<\/h2>\n\t\t\t\t\t\t\t<h2 \n\t\tdata-interaction-id=\"4782b75\" \n\t\tclass=\"e-4782b75-d329c40 e-heading-base\" \n\t\t \n\t\t\n\t>\n\t\n\t\t\tEnerg\u00eda y circulaci\u00f3n sin interrupciones.\n\t\t<\/h2>\n\t\t\t\t\t\t\t\t<p class=\"e-da497bd-044cdd2 e-paragraph-base\" data-interaction-id=\"da497bd\"  >\n\t\t\t\t\t\t\t\tEl m\u00e1ximo rendimiento f\u00edsico y cognitivo depende de una circulaci\u00f3n eficiente y un sistema endocrino perfectamente equilibrado.\n\t\t\t\t\t<\/p>\n\t\t\t\t\t\t\t\t<p class=\"e-bd158c8-2bd47a5 e-paragraph-base\" data-interaction-id=\"bd158c8\"  >\n\t\t\t\t\t\t\t\t<strong id=\"e-moad0z32-kfkwn8t\">Terapia de Reemplazo Hormonal Bioid\u00e9ntica (BHRT)<\/strong> Restaurar niveles hormonales \u00f3ptimos para potenciar el enfoque, la libido y la energ\u00eda diaria.<br><strong id=\"e-moad0z32-jnaz12a\">Salud Cardiovascular:<\/strong> Tratamientos enfocados en mejorar el flujo sangu\u00edneo y la oxigenaci\u00f3n de los tejidos.<br><strong id=\"e-moad0z32-3w7vzkt\">Vitalidad Metab\u00f3lica:<\/strong> Regulaci\u00f3n de glucosa y l\u00edpidos para prevenir enfermedades degenerativas y optimizar el rendimiento.\n\t\t\t\t\t<\/p>\n\t\t\t\t\t<\/div>\n\t\t\t\t<\/div>\n\t\t<div class=\"elementor-element elementor-element-17a0dd9 e-flex e-con-boxed e-con e-parent\" data-id=\"17a0dd9\" data-element_type=\"container\" data-e-type=\"container\">\n\t\t\t\t\t<div class=\"e-con-inner\">\n\t\t\t\t\t\t\t<h2 \n\t\tdata-interaction-id=\"a9883f6\" \n\t\tclass=\"e-a9883f6-6b4c115 e-heading-base\" \n\t\t \n\t\t\n\t>\n\t\n\t\t\t4. Longevidad y Biohacking\n\t\t<\/h2>\n\t\t\t\t\t\t\t<h2 \n\t\tdata-interaction-id=\"5689177\" \n\t\tclass=\"e-5689177-0dd1b01 e-heading-base\" \n\t\t \n\t\t\n\t>\n\t\n\t\t\tHackeando el proceso de envejecimiento.\n\t\t<\/h2>\n\t\t\t\t\t\t\t\t<p class=\"e-c0c8202-0cc5404 e-paragraph-base\" data-interaction-id=\"c0c8202\"  >\n\t\t\t\t\t\t\t\tUtilizamos la ciencia m\u00e1s avanzada para prolongar tu \"esperanza de vida saludable\" y elevar tu rendimiento f\u00edsico y mental al siguiente nivel.\n\t\t\t\t\t<\/p>\n\t\t\t\t\t\t\t\t<p class=\"e-eb4814f-0d42f1b e-paragraph-base\" data-interaction-id=\"eb4814f\"  >\n\t\t\t\t\t\t\t\t<strong id=\"e-moad36hz-rqak8q7\">Protocolos Antienvejecimiento:<\/strong> Terapias de vanguardia dise\u00f1adas para ralentizar el reloj biol\u00f3gico a nivel molecular.<br><strong id=\"e-moad36hz-ix2lp7w\">Biohacking de Alto Rendimiento:<\/strong> Integrando tecnolog\u00eda y suplementaci\u00f3n inteligente para maximizar el rendimiento f\u00edsico y cognitivo.<br><strong id=\"e-moad36hz-j53nxny\">Diagn\u00f3stico de Precisi\u00f3n:<\/strong> Pruebas de biomarcadores avanzados para crear una hoja de ruta personalizada hacia la longevidad.\n\t\t\t\t\t<\/p>\n\t\t\t\t\t\t\t<h2 \n\t\tdata-interaction-id=\"4e940bd\" \n\t\tclass=\"e-4e940bd-935b4bc e-heading-base\" \n\t\t \n\t\t\n\t>\n\t\n\t\t\tNo solo a\u00f1adimos a\u00f1os a tu vida; a\u00f1adimos vida a tus a\u00f1os a trav\u00e9s de la convergencia entre la medicina regenerativa y el biohacking.\n\t\t<\/h2>\n\t\t\t\t\t<\/div>\n\t\t\t\t<\/div>\n\t\t\t\t<\/div>","protected":false},"excerpt":{"rendered":"<p>Pillars of Regeneration At New Life Regen Center, we redefine health through the lens of Biohacking and Regenerative Medicine. Our methodology is built upon four fundamental pillars designed to restore, protect, and enhance your biological potential 1. Joint Preservation Reclaim your freedom of movement. This pillar focuses on halting degeneration and regenerating musculoskeletal tissues without [&hellip;]<\/p>\n","protected":false},"author":1,"featured_media":0,"parent":0,"menu_order":0,"comment_status":"closed","ping_status":"closed","template":"","meta":{"footnotes":""},"class_list":["post-2143","page","type-page","status-publish","hentry"],"blocksy_meta":[],"_hostinger_reach_plugin_has_subscription_block":false,"_hostinger_reach_plugin_is_elementor":false,"_links":{"self":[{"href":"https:\/\/newliferc.com\/es\/wp-json\/wp\/v2\/pages\/2143","targetHints":{"allow":["GET"]}}],"collection":[{"href":"https:\/\/newliferc.com\/es\/wp-json\/wp\/v2\/pages"}],"about":[{"href":"https:\/\/newliferc.com\/es\/wp-json\/wp\/v2\/types\/page"}],"author":[{"embeddable":true,"href":"https:\/\/newliferc.com\/es\/wp-json\/wp\/v2\/users\/1"}],"replies":[{"embeddable":true,"href":"https:\/\/newliferc.com\/es\/wp-json\/wp\/v2\/comments?post=2143"}],"version-history":[{"count":19,"href":"https:\/\/newliferc.com\/es\/wp-json\/wp\/v2\/pages\/2143\/revisions"}],"predecessor-version":[{"id":2280,"href":"https:\/\/newliferc.com\/es\/wp-json\/wp\/v2\/pages\/2143\/revisions\/2280"}],"wp:attachment":[{"href":"https:\/\/newliferc.com\/es\/wp-json\/wp\/v2\/media?parent=2143"}],"curies":[{"name":"wp","href":"https:\/\/api.w.org\/{rel}","templated":true}]}}